{"id":4799,"date":"2016-09-26T02:08:58","date_gmt":"2016-09-26T02:08:58","guid":{"rendered":"https:\/\/zabata.com.tr\/ueber-uns\/"},"modified":"2021-02-11T21:24:56","modified_gmt":"2021-02-11T21:24:56","slug":"ueber-uns","status":"publish","type":"page","link":"https:\/\/zabata.com.tr\/de\/ueber-uns\/","title":{"rendered":"\u00dcber Uns"},"content":{"rendered":"<div class=\"wpb-content-wrapper\"><p>[vc_row][vc_column text_align=&#8220;justify&#8220; offset=&#8220;vc_col-md-8&#8243;][vc_custom_heading text=&#8220;Willkommen bei Zabata Consulting Services!&#8220; use_theme_fonts=&#8220;yes&#8220; el_class=&#8220;m-b-xs&#8220;][vc_column_text el_class=&#8220;lead&#8220;]Zabat Consultancy Services bietet seit \u00fcber 20 Jahren die umfassendsten Beratungsdienste der T\u00fcrkei, die wir anbieten. Als Zabata Consultancy bieten wir Institutionen und Einzelpersonen qualitativ hochwertige und genaue Beratungsdienste an. Mit einer vision\u00e4ren Perspektive definieren wir gemeinsam die zuk\u00fcnftigen Schritte von Institutionen und Organisationen unter Verwendung der richtigen Analysesynthesetechniken, erstellen eine anwendbare Roadmap, entwerfen Schl\u00fcsselprojekte, bestimmen und messen gemeinsam Erfolgskriterien. Wir haben mit mehr als 100 Kunden zusammengearbeitet, von ehrgeizigen mittelst\u00e4ndischen Unternehmen bis hin zu Branchenf\u00fchrern, darunter mindestens einer der drei besten Anbieter in fast den meisten f\u00fchrenden Branchen des Landes.[\/vc_column_text][vc_column_text]Zabata Consultancy Services Dank der erfahrensten Anw\u00e4lte der Branche bieten wir Ihnen den besten Service in allen rechtlichen Angelegenheiten. Unsere Anw\u00e4lte in unserem Team sind die besten in ihren F\u00e4chern. Izmir in der T\u00fcrkei und insbesondere Istanbul, Ankara, Izmir, Bursa, wir finden die besten Anw\u00e4lte f\u00fcr Sie, wenn Sie nur in Ankara und anderen St\u00e4dten brauchen.<\/p>\n<p>Dank all unserer Kunden, unseres erfahrenen Teams aus Istanbul, das aus unserem Wartungspersonal in Izmir, Ankara, Izmir, Antalya besteht, bieten wir die besten Pflegedienste in der T\u00fcrkei, insbesondere in Istanbul.<\/p>\n<p>Die T\u00fcrkei ist ein Land, dem wir in \u00fcber 20 Jahren viel Zeit gegeben haben. Vor allem dank unserer Erfahrung mit privaten Sicherheitsdiensten sind wir zu einem Markenzeichen der privaten Sicherheitsberatung geworden. Alles \u00fcber private Sicherheits- und physische Sicherheitsdienste und Sicherheitsberatung Wir bieten den besten Service in der T\u00fcrkei. Wir suchen nach Sicherheitsberatungsdiensten an eine einzige Adresse in der T\u00fcrkei.<\/p>\n<p>[\/vc_column_text][\/vc_column][vc_column offset=&#8220;vc_col-md-4&#8243;]<div class=\"porto-carousel owl-carousel has-ccols has-ccols-spacing ccols-xl-1 ccols-lg-1 ccols-md-1 ccols-sm-1 ccols-1 wpb_custom_70a89e142ccf56dcd4c7bfc4b40db368 nav-inside\" data-plugin-options=\"{&quot;themeConfig&quot;:true,&quot;stagePadding&quot;:0,&quot;margin&quot;:10,&quot;autoplay&quot;:&quot;yes&quot;,&quot;mouseDrag&quot;:true,&quot;touchDrag&quot;:true,&quot;autoplayTimeout&quot;:3000,&quot;autoplayHoverPause&quot;:false,&quot;items&quot;:1,&quot;xl&quot;:1,&quot;lg&quot;:1,&quot;md&quot;:1,&quot;sm&quot;:1,&quot;xs&quot;:1,&quot;nav&quot;:false,&quot;dots&quot;:&quot;yes&quot;,&quot;animateIn&quot;:&quot;&quot;,&quot;animateOut&quot;:&quot;&quot;,&quot;loop&quot;:&quot;yes&quot;,&quot;center&quot;:false,&quot;video&quot;:false,&quot;lazyLoad&quot;:false,&quot;fullscreen&quot;:false}\">[vc_single_image image=&#8220;3395&#8243; alignment=&#8220;center&#8220;][vc_single_image image=&#8220;3404&#8243; alignment=&#8220;center&#8220;][vc_single_image image=&#8220;3359&#8243; alignment=&#8220;center&#8220;]<\/div><div class=\"stats-block stats-top   wpb_custom_a517333ace5b1666c6af8bd4684f1de9\"><div class=\"stats-desc\"><div id=\"counter_123492767569ea4b8d59d33\" data-id=\"counter_123492767569ea4b8d59d33\" class=\"stats-number\" style=\" font-size:50px;color:#008fe2;\" data-speed=\"3\" data-counter-value=\"20\" data-separator=\",\" data-decimal=\".\">0<\/div><div class=\"stats-text\" style=\"font-size:20px;\">Years of Experience<\/div><\/div><\/div><div class=\"stats-block stats-top   wpb_custom_a517333ace5b1666c6af8bd4684f1de9\"><div class=\"stats-desc\"><div id=\"counter_103521905169ea4b8d59dce\" data-id=\"counter_103521905169ea4b8d59dce\" class=\"stats-number\" style=\" font-size:50px;color:#008fe2;\" data-speed=\"3\" data-counter-value=\"188\" data-separator=\",\" data-decimal=\".\">0<\/div><div class=\"stats-text\" style=\"font-size:20px;\">Project<\/div><\/div><\/div><div class=\"stats-block stats-top   wpb_custom_a517333ace5b1666c6af8bd4684f1de9\"><div class=\"stats-desc\"><div id=\"counter_182107916969ea4b8d59e54\" data-id=\"counter_182107916969ea4b8d59e54\" class=\"stats-number\" style=\" font-size:50px;color:#008fe2;\" data-speed=\"3\" data-counter-value=\"188\" data-separator=\",\" data-decimal=\".\">0<\/div><div class=\"stats-text\" style=\"font-size:20px;\">Happy Customers<\/div><\/div><\/div>[\/vc_column][\/vc_row][vc_row full_width=&#8220;stretch_row_content_no_spaces&#8220; wrap_container=&#8220;yes&#8220; is_section=&#8220;yes&#8220; remove_border=&#8220;yes&#8220; el_class=&#8220;m-b-n-xl m-t-xl&#8220;][vc_column width=&#8220;3\/4&#8243; el_class=&#8220;col-sm-9&#8243;][vc_custom_heading text=&#8220;&#8220;Zabata Consultancy bietet Ihnen strategische L\u00f6sungen f\u00fcr Ihre Bed\u00fcrfnisse!&#8220;&#8220; font_container=&#8220;tag:h3|text_align:center&#8220; use_theme_fonts=&#8220;yes&#8220; el_class=&#8220;m-b-sm&#8220;][vc_custom_heading text=&#8220;Kontaktieren Sie uns, um detaillierte Informationen zu erhalten.&#8220; font_container=&#8220;tag:p|font_size:17|text_align:center&#8220; use_theme_fonts=&#8220;yes&#8220;][\/vc_column][vc_column width=&#8220;1\/4&#8243; el_class=&#8220;col-sm-3&#8243;][vc_btn title=&#8220;Kontaktiere Uns&#8220; style=&#8220;flat&#8220; shape=&#8220;square&#8220; size=&#8220;lg&#8220; align=&#8220;center&#8220; skin=&#8220;primary&#8220; link=&#8220;url:http%3A%2F%2Fzabata.com.tr%2Fcontact%2F|title:Kontaktiere%20Uns|&#8220; el_class=&#8220;m-t-sm&#8220;][\/vc_column][\/vc_row]<\/p>\n<\/div>","protected":false},"excerpt":{"rendered":"<p>[vc_row][vc_column text_align=&#8220;justify&#8220; offset=&#8220;vc_col-md-8&#8243;][vc_custom_heading text=&#8220;Willkommen bei Zabata Consulting Services!&#8220; use_theme_fonts=&#8220;yes&#8220; el_class=&#8220;m-b-xs&#8220;][vc_column_text el_class=&#8220;lead&#8220;]Zabat Consultancy Services bietet seit \u00fcber 20 Jahren die umfassendsten Beratungsdienste der T\u00fcrkei, die wir anbieten. Als Zabata Consultancy bieten wir Institutionen und Einzelpersonen qualitativ hochwertige und genaue Beratungsdienste an. Mit einer vision\u00e4ren Perspektive definieren wir gemeinsam die zuk\u00fcnftigen Schritte von Institutionen und Organisationen unter [&hellip;]<\/p>\n","protected":false},"author":1,"featured_media":0,"parent":0,"menu_order":0,"comment_status":"closed","ping_status":"closed","template":"","meta":{"_joinchat":[],"footnotes":""},"class_list":["post-4799","page","type-page","status-publish","hentry"],"_links":{"self":[{"href":"https:\/\/zabata.com.tr\/de\/wp-json\/wp\/v2\/pages\/4799","targetHints":{"allow":["GET"]}}],"collection":[{"href":"https:\/\/zabata.com.tr\/de\/wp-json\/wp\/v2\/pages"}],"about":[{"href":"https:\/\/zabata.com.tr\/de\/wp-json\/wp\/v2\/types\/page"}],"author":[{"embeddable":true,"href":"https:\/\/zabata.com.tr\/de\/wp-json\/wp\/v2\/users\/1"}],"replies":[{"embeddable":true,"href":"https:\/\/zabata.com.tr\/de\/wp-json\/wp\/v2\/comments?post=4799"}],"version-history":[{"count":0,"href":"https:\/\/zabata.com.tr\/de\/wp-json\/wp\/v2\/pages\/4799\/revisions"}],"wp:attachment":[{"href":"https:\/\/zabata.com.tr\/de\/wp-json\/wp\/v2\/media?parent=4799"}],"curies":[{"name":"wp","href":"https:\/\/api.w.org\/{rel}","templated":true}]}}