{"id":4981,"date":"2016-09-24T01:55:27","date_gmt":"2016-09-24T01:55:27","guid":{"rendered":"https:\/\/zabata.com.tr\/unsere-buros\/"},"modified":"2021-03-09T02:58:53","modified_gmt":"2021-03-09T02:58:53","slug":"unsere-buros","status":"publish","type":"page","link":"https:\/\/zabata.com.tr\/de\/unsere-buros\/","title":{"rendered":"Unsere Buros"},"content":{"rendered":"<div class=\"wpb-content-wrapper\"><p>[vc_row wrap_container=&#8220;yes&#8220; is_section=&#8220;yes&#8220; remove_margin_top=&#8220;yes&#8220; remove_margin_bottom=&#8220;yes&#8220; el_id=&#8220;ofislerimiz&#8220;][vc_column][vc_custom_heading text=&#8220;Unsere Buros&#8220; font_container=&#8220;tag:h2|text_align:center&#8220; use_theme_fonts=&#8220;yes&#8220; el_class=&#8220;m-b-xs m-t-md&#8220;][vc_column_text el_class=&#8220;lead&#8220; css=&#8220;.vc_custom_1614992239065{padding-top: 10px !important;padding-bottom: 10px !important;}&#8220;]<\/p>\n<p style=\"text-align: center;\">Die Mitarbeiter unserer B\u00fcros in Istanbul, Ankara und Izmir arbeiten als zusammenh\u00e4ngendes Team zusammen. Was uns wirklich von anderen Unternehmensberatungsunternehmen unterscheidet, sind die Mitarbeiter von Zabata Consulting und unsere einzigartige Unternehmenskultur.<\/p>\n<p>[\/vc_column_text][\/vc_column][\/vc_row][vc_row][vc_column][vc_text_separator title=&#8220;B\u00fcros in der T\u00fcrkei&#8220;][vc_row_inner][vc_column_inner width=&#8220;1\/2&#8243;][vc_column_text]<\/p>\n<h2 style=\"text-align: center;\"><strong>\u0130stanbul<\/strong><\/h2>\n<p>[\/vc_column_text]<div class=\"porto-image-frame  thumb-info-custom\"><div class=\"thumb-info thumb-info-hide-wrapper-bg thumb-info-no-zoom thumb-info-side-image thumb-info-no-zoom thumb-info-centered-icons thumb-info-no-borders thumb-info-box-shadow\"><span class=\"thumb-info-side-image-wrapper\"><img decoding=\"async\" alt=\"\u0130stanbul Dan\u0131\u015fmanl\u0131k Hizmetleri\" src=\"\/\/zabata.com.tr\/wp-content\/uploads\/2021\/01\/istanbul-350x175-1.jpg\" class=\"img-responsive\" width=\"350\" height=\"175\"><\/span><div class=\"thumb-info-caption\"><div class=\"thumb-info-caption-text\"><p>Atat\u00fcrk Mah. Had\u0131mk\u00f6y Yolu Cad.<\/p>\n<p>No: 10-13 Kat:2<\/p>\n<p>Esenyurt, \u0130stanbul \u2013 TURKEY<\/p>\n<\/div><\/div><\/div><\/div>[\/vc_column_inner][vc_column_inner width=&#8220;1\/2&#8243;][vc_column_text]<\/p>\n<h2 style=\"text-align: center;\"><strong>Ankara<\/strong><\/h2>\n<p>[\/vc_column_text]<div class=\"porto-image-frame  thumb-info-custom\"><div class=\"thumb-info thumb-info-hide-wrapper-bg thumb-info-no-zoom thumb-info-side-image thumb-info-no-zoom thumb-info-centered-icons thumb-info-no-borders thumb-info-box-shadow\"><span class=\"thumb-info-side-image-wrapper\"><img decoding=\"async\" alt=\"Ankara Dan\u0131\u015fmanl\u0131k Hizmetleri\" src=\"\/\/zabata.com.tr\/wp-content\/uploads\/2021\/01\/ankara-350x175-1.jpg\" class=\"img-responsive\" width=\"350\" height=\"175\"><\/span><div class=\"thumb-info-caption\"><div class=\"thumb-info-caption-text\"><p>Me\u015frutiyet Caddesi<\/p>\n<p>K\u00f6k \u00c7ar\u015f\u0131s\u0131 No: 44<\/p>\n<p>K\u0131z\u0131lay, Ankara \u2013 TURKEY<\/p>\n<\/div><\/div><\/div><\/div>[\/vc_column_inner][\/vc_row_inner][vc_row_inner][vc_column_inner width=&#8220;1\/2&#8243;][vc_column_text]<\/p>\n<h2 style=\"text-align: center;\"><strong>Antalya<\/strong><\/h2>\n<p>[\/vc_column_text]<div class=\"porto-image-frame  thumb-info-custom\"><div class=\"thumb-info thumb-info-hide-wrapper-bg thumb-info-no-zoom thumb-info-side-image thumb-info-no-zoom thumb-info-centered-icons thumb-info-no-borders thumb-info-box-shadow\"><span class=\"thumb-info-side-image-wrapper\"><img decoding=\"async\" alt=\"antalya\" src=\"\/\/zabata.com.tr\/wp-content\/uploads\/2021\/03\/antalya.jpg\" class=\"img-responsive\" width=\"350\" height=\"175\"><\/span><div class=\"thumb-info-caption\"><div class=\"thumb-info-caption-text\"><p>Ha\u015fim \u0130\u015fcan Mah. Atat\u00fcrk Cd.<\/p>\n<p>1298 Atalay T\u00fcz\u00fcn Sok. No:1\/4<\/p>\n<p>Muratpa\u015fa, Antalya \u2013 TURKEY<\/p>\n<\/div><\/div><\/div><\/div>[\/vc_column_inner][vc_column_inner width=&#8220;1\/2&#8243;][vc_column_text]<\/p>\n<h2 style=\"text-align: center;\"><strong>\u0130zmir<\/strong><\/h2>\n<p>[\/vc_column_text]<div class=\"porto-image-frame  thumb-info-custom\"><div class=\"thumb-info thumb-info-hide-wrapper-bg thumb-info-no-zoom thumb-info-side-image thumb-info-no-zoom thumb-info-centered-icons thumb-info-no-borders thumb-info-box-shadow\"><span class=\"thumb-info-side-image-wrapper\"><img decoding=\"async\" alt=\"\u0130zmir Dan\u0131\u015fmanl\u0131k Hizmetleri\" src=\"\/\/zabata.com.tr\/wp-content\/uploads\/2021\/01\/izmir-350x175-1.jpg\" class=\"img-responsive\" width=\"350\" height=\"175\"><\/span><div class=\"thumb-info-caption\"><div class=\"thumb-info-caption-text\"><p>Adalet Mahallesi<\/p>\n<p>Manas Bulvar\u0131 No:39<\/p>\n<p>Bayrakl\u0131-\u0130zmir\/ TURKEY<\/p>\n<\/div><\/div><\/div><\/div>[\/vc_column_inner][\/vc_row_inner][\/vc_column][\/vc_row][vc_row][vc_column][vc_text_separator title=&#8220;Auslandsb\u00fcros&#8220;][vc_row_inner][vc_column_inner width=&#8220;1\/2&#8243;][vc_column_text]<\/p>\n<h2 style=\"text-align: center;\"><strong>Deutschland<\/strong><\/h2>\n<p>[\/vc_column_text]<div class=\"porto-image-frame  thumb-info-custom\"><div class=\"thumb-info thumb-info-hide-wrapper-bg thumb-info-no-zoom thumb-info-side-image thumb-info-no-zoom thumb-info-centered-icons thumb-info-no-borders thumb-info-box-shadow\"><span class=\"thumb-info-side-image-wrapper\"><img decoding=\"async\" alt=\"almanya\" src=\"\/\/zabata.com.tr\/wp-content\/uploads\/2021\/03\/almanya.jpg\" class=\"img-responsive\" width=\"350\" height=\"175\"><\/span><div class=\"thumb-info-caption\"><div class=\"thumb-info-caption-text\"><p>Weissenburgstrasse 31 45663<\/p>\n<p>Recklinghausen-Germany<\/p>\n<\/div><\/div><\/div><\/div>[\/vc_column_inner][vc_column_inner width=&#8220;1\/2&#8243;][vc_column_text]<\/p>\n<h2 style=\"text-align: center;\"><strong>\u00d6sterreich<\/strong><\/h2>\n<p>[\/vc_column_text]<div class=\"porto-image-frame  thumb-info-custom\"><div class=\"thumb-info thumb-info-hide-wrapper-bg thumb-info-no-zoom thumb-info-side-image thumb-info-no-zoom thumb-info-centered-icons thumb-info-no-borders thumb-info-box-shadow\"><span class=\"thumb-info-side-image-wrapper\"><img decoding=\"async\" alt=\"austria\" src=\"\/\/zabata.com.tr\/wp-content\/uploads\/2021\/03\/austria.jpg\" class=\"img-responsive\" width=\"350\" height=\"175\"><\/span><div class=\"thumb-info-caption\"><div class=\"thumb-info-caption-text\"><p>Ettenreichgasse 1100<\/p>\n<p>Wien-Austria<\/p>\n<\/div><\/div><\/div><\/div>[\/vc_column_inner][\/vc_row_inner][vc_row_inner][vc_column_inner width=&#8220;1\/2&#8243;][vc_column_text]<\/p>\n<h2 style=\"text-align: center;\"><strong>Ukraine<\/strong><\/h2>\n<p>[\/vc_column_text]<div class=\"porto-image-frame  thumb-info-custom\"><div class=\"thumb-info thumb-info-hide-wrapper-bg thumb-info-no-zoom thumb-info-side-image thumb-info-no-zoom thumb-info-centered-icons thumb-info-no-borders thumb-info-box-shadow\"><span class=\"thumb-info-side-image-wrapper\"><img decoding=\"async\" alt=\"ukraine\" src=\"\/\/zabata.com.tr\/wp-content\/uploads\/2021\/03\/ukraine.jpg\" class=\"img-responsive\" width=\"350\" height=\"175\"><\/span><div class=\"thumb-info-caption\"><div class=\"thumb-info-caption-text\"><p>Ulitsa Bunina 27\/2<\/p>\n<p>Odessa-Ukrainian<\/p>\n<\/div><\/div><\/div><\/div>[\/vc_column_inner][vc_column_inner width=&#8220;1\/2&#8243;][vc_column_text]<\/p>\n<h2 style=\"text-align: center;\"><strong>Wei\u00dfrussland<\/strong><\/h2>\n<p>[\/vc_column_text]<div class=\"porto-image-frame  thumb-info-custom\"><div class=\"thumb-info thumb-info-hide-wrapper-bg thumb-info-no-zoom thumb-info-side-image thumb-info-no-zoom thumb-info-centered-icons thumb-info-no-borders thumb-info-box-shadow\"><span class=\"thumb-info-side-image-wrapper\"><img decoding=\"async\" alt=\"belarus\" src=\"\/\/zabata.com.tr\/wp-content\/uploads\/2021\/03\/belarus.jpg\" class=\"img-responsive\" width=\"350\" height=\"175\"><\/span><div class=\"thumb-info-caption\"><div class=\"thumb-info-caption-text\"><p>Zibitskaya St. No: 10<\/p>\n<p>Minsk-Belarus<\/p>\n<\/div><\/div><\/div><\/div>[\/vc_column_inner][\/vc_row_inner][\/vc_column][\/vc_row]<\/p>\n<\/div>","protected":false},"excerpt":{"rendered":"<p>[vc_row wrap_container=&#8220;yes&#8220; is_section=&#8220;yes&#8220; remove_margin_top=&#8220;yes&#8220; remove_margin_bottom=&#8220;yes&#8220; el_id=&#8220;ofislerimiz&#8220;][vc_column][vc_custom_heading text=&#8220;Unsere Buros&#8220; font_container=&#8220;tag:h2|text_align:center&#8220; use_theme_fonts=&#8220;yes&#8220; el_class=&#8220;m-b-xs m-t-md&#8220;][vc_column_text el_class=&#8220;lead&#8220; css=&#8220;.vc_custom_1614992239065{padding-top: 10px !important;padding-bottom: 10px !important;}&#8220;] Die Mitarbeiter unserer B\u00fcros in Istanbul, Ankara und Izmir arbeiten als zusammenh\u00e4ngendes Team zusammen. Was uns wirklich von anderen Unternehmensberatungsunternehmen unterscheidet, sind die Mitarbeiter von Zabata Consulting und unsere einzigartige Unternehmenskultur. [\/vc_column_text][\/vc_column][\/vc_row][vc_row][vc_column][vc_text_separator title=&#8220;B\u00fcros in der T\u00fcrkei&#8220;][vc_row_inner][vc_column_inner width=&#8220;1\/2&#8243;][vc_column_text] [&hellip;]<\/p>\n","protected":false},"author":1,"featured_media":0,"parent":0,"menu_order":0,"comment_status":"closed","ping_status":"closed","template":"","meta":{"_joinchat":[],"footnotes":""},"class_list":["post-4981","page","type-page","status-publish","hentry"],"_links":{"self":[{"href":"https:\/\/zabata.com.tr\/de\/wp-json\/wp\/v2\/pages\/4981","targetHints":{"allow":["GET"]}}],"collection":[{"href":"https:\/\/zabata.com.tr\/de\/wp-json\/wp\/v2\/pages"}],"about":[{"href":"https:\/\/zabata.com.tr\/de\/wp-json\/wp\/v2\/types\/page"}],"author":[{"embeddable":true,"href":"https:\/\/zabata.com.tr\/de\/wp-json\/wp\/v2\/users\/1"}],"replies":[{"embeddable":true,"href":"https:\/\/zabata.com.tr\/de\/wp-json\/wp\/v2\/comments?post=4981"}],"version-history":[{"count":0,"href":"https:\/\/zabata.com.tr\/de\/wp-json\/wp\/v2\/pages\/4981\/revisions"}],"wp:attachment":[{"href":"https:\/\/zabata.com.tr\/de\/wp-json\/wp\/v2\/media?parent=4981"}],"curies":[{"name":"wp","href":"https:\/\/api.w.org\/{rel}","templated":true}]}}