{"id":4803,"date":"2016-09-26T02:08:58","date_gmt":"2016-09-26T02:08:58","guid":{"rendered":"https:\/\/zabata.com.tr\/sobre-nosotros\/"},"modified":"2021-02-11T21:28:04","modified_gmt":"2021-02-11T21:28:04","slug":"sobre-nosotros","status":"publish","type":"page","link":"https:\/\/zabata.com.tr\/es\/sobre-nosotros\/","title":{"rendered":"Sobre Nosotros"},"content":{"rendered":"<div class=\"wpb-content-wrapper\"><p>[vc_row][vc_column text_align=\u00bbjustify\u00bb offset=\u00bbvc_col-md-8&#8243;][vc_custom_heading text=\u00bb\u00a1Bienvenido a Zabata Consulting Services!\u00bb use_theme_fonts=\u00bbyes\u00bb el_class=\u00bbm-b-xs\u00bb][vc_column_text el_class=\u00bblead\u00bb]Zabat Consultancy Services cuenta con m\u00e1s de 20 a\u00f1os de los servicios de consultor\u00eda m\u00e1s completos de Turqu\u00eda que ofrecemos. Como Zabata Consulting, ofrecemos servicios de consultor\u00eda precisos y de calidad a instituciones y particulares. Con una perspectiva visionaria, definimos los pasos futuros de las instituciones y organizaciones en conjunto utilizando las t\u00e9cnicas de s\u00edntesis de an\u00e1lisis adecuadas, elaboramos una hoja de ruta aplicable, dise\u00f1amos proyectos clave, determinamos y medimos criterios de \u00e9xito juntos. Hemos trabajado con m\u00e1s de 100 clientes, desde empresas medianas ambiciosas hasta l\u00edderes de la industria, incluido al menos uno de los tres principales en casi la mayor\u00eda de las industrias l\u00edderes del pa\u00eds.[\/vc_column_text][vc_column_text]Zabata Consulting Services, gracias a los abogados m\u00e1s experimentados del sector, te ofrecemos el mejor servicio en todos los asuntos legales. Nuestros abogados de nuestro equipo son los mejores en sus materias. Izmir en Turqu\u00eda y especialmente en \u0130stanbul, Ankara, Izmir, Bursa, encontramos a los mejores abogados para usted cuando todo lo que necesita est\u00e1 en Ankara y otras ciudades.<\/p>\n<p>Gracias a todos nuestros clientes, nuestro experimentado equipo de \u0130stanbul incluido en nuestro personal de mantenimiento, Izmir, Ankara, Izmir, Antalya, ofrecemos los mejores servicios de cuidado en Turqu\u00eda, especialmente en Estambul.<\/p>\n<p>Turqu\u00eda es un pa\u00eds al que le hemos dado mucho tiempo en m\u00e1s de 20 a\u00f1os, principalmente gracias a nuestra experiencia hemos ganado servicios de seguridad privada, nos hemos convertido en una marca registrada en consultor\u00eda de seguridad privada. Todo sobre seguridad privada y servicios de seguridad f\u00edsica y consultor\u00eda de seguridad Ofrecemos el mejor servicio en Turqu\u00eda. Buscamos servicios de consultor\u00eda de seguridad para una sola direcci\u00f3n en Turqu\u00eda.<\/p>\n<p>[\/vc_column_text][\/vc_column][vc_column offset=\u00bbvc_col-md-4&#8243;]<div class=\"porto-carousel owl-carousel has-ccols has-ccols-spacing ccols-xl-1 ccols-lg-1 ccols-md-1 ccols-sm-1 ccols-1 wpb_custom_70a89e142ccf56dcd4c7bfc4b40db368 nav-inside\" data-plugin-options=\"{&quot;themeConfig&quot;:true,&quot;stagePadding&quot;:0,&quot;margin&quot;:10,&quot;autoplay&quot;:&quot;yes&quot;,&quot;mouseDrag&quot;:true,&quot;touchDrag&quot;:true,&quot;autoplayTimeout&quot;:3000,&quot;autoplayHoverPause&quot;:false,&quot;items&quot;:1,&quot;xl&quot;:1,&quot;lg&quot;:1,&quot;md&quot;:1,&quot;sm&quot;:1,&quot;xs&quot;:1,&quot;nav&quot;:false,&quot;dots&quot;:&quot;yes&quot;,&quot;animateIn&quot;:&quot;&quot;,&quot;animateOut&quot;:&quot;&quot;,&quot;loop&quot;:&quot;yes&quot;,&quot;center&quot;:false,&quot;video&quot;:false,&quot;lazyLoad&quot;:false,&quot;fullscreen&quot;:false}\">[vc_single_image image=\u00bb3399&#8243; alignment=\u00bbcenter\u00bb][vc_single_image image=\u00bb3408&#8243; alignment=\u00bbcenter\u00bb][vc_single_image image=\u00bb3363&#8243; alignment=\u00bbcenter\u00bb]<\/div><div class=\"stats-block stats-top   wpb_custom_a517333ace5b1666c6af8bd4684f1de9\"><div class=\"stats-desc\"><div id=\"counter_128071556369e4455353f52\" data-id=\"counter_128071556369e4455353f52\" class=\"stats-number\" style=\" font-size:50px;color:#008fe2;\" data-speed=\"3\" data-counter-value=\"20\" data-separator=\",\" data-decimal=\".\">0<\/div><div class=\"stats-text\" style=\"font-size:20px;\">Years of Experience<\/div><\/div><\/div><div class=\"stats-block stats-top   wpb_custom_a517333ace5b1666c6af8bd4684f1de9\"><div class=\"stats-desc\"><div id=\"counter_205116329269e4455353fc4\" data-id=\"counter_205116329269e4455353fc4\" class=\"stats-number\" style=\" font-size:50px;color:#008fe2;\" data-speed=\"3\" data-counter-value=\"188\" data-separator=\",\" data-decimal=\".\">0<\/div><div class=\"stats-text\" style=\"font-size:20px;\">Project<\/div><\/div><\/div><div class=\"stats-block stats-top   wpb_custom_a517333ace5b1666c6af8bd4684f1de9\"><div class=\"stats-desc\"><div id=\"counter_24350043969e4455354020\" data-id=\"counter_24350043969e4455354020\" class=\"stats-number\" style=\" font-size:50px;color:#008fe2;\" data-speed=\"3\" data-counter-value=\"188\" data-separator=\",\" data-decimal=\".\">0<\/div><div class=\"stats-text\" style=\"font-size:20px;\">Happy Customers<\/div><\/div><\/div>[\/vc_column][\/vc_row][vc_row full_width=\u00bbstretch_row_content_no_spaces\u00bb wrap_container=\u00bbyes\u00bb is_section=\u00bbyes\u00bb remove_border=\u00bbyes\u00bb el_class=\u00bbm-b-n-xl m-t-xl\u00bb][vc_column width=\u00bb3\/4&#8243; el_class=\u00bbcol-sm-9&#8243;][vc_custom_heading text=\u00bb\u00ab \u00a1Zabata Consultancy te brinda soluciones estrat\u00e9gicas para tus necesidades! \u00bb\u00bb font_container=\u00bbtag:h3|text_align:center\u00bb use_theme_fonts=\u00bbyes\u00bb el_class=\u00bbm-b-sm\u00bb][vc_custom_heading text=\u00bbCont\u00e1ctenos para obtener informaci\u00f3n detallada.\u00bb font_container=\u00bbtag:p|font_size:17|text_align:center\u00bb use_theme_fonts=\u00bbyes\u00bb][\/vc_column][vc_column width=\u00bb1\/4&#8243; el_class=\u00bbcol-sm-3&#8243;][vc_btn title=\u00bbCont\u00e1ctenos\u00bb style=\u00bbflat\u00bb shape=\u00bbsquare\u00bb size=\u00bblg\u00bb align=\u00bbcenter\u00bb skin=\u00bbprimary\u00bb link=\u00bburl:http%3A%2F%2Fzabata.com.tr%2Fcontact%2F|title:Cont%C3%A1ctenos|\u00bb el_class=\u00bbm-t-sm\u00bb][\/vc_column][\/vc_row]<\/p>\n<\/div>","protected":false},"excerpt":{"rendered":"<p>[vc_row][vc_column text_align=\u00bbjustify\u00bb offset=\u00bbvc_col-md-8&#8243;][vc_custom_heading text=\u00bb\u00a1Bienvenido a Zabata Consulting Services!\u00bb use_theme_fonts=\u00bbyes\u00bb el_class=\u00bbm-b-xs\u00bb][vc_column_text el_class=\u00bblead\u00bb]Zabat Consultancy Services cuenta con m\u00e1s de 20 a\u00f1os de los servicios de consultor\u00eda m\u00e1s completos de Turqu\u00eda que ofrecemos. Como Zabata Consulting, ofrecemos servicios de consultor\u00eda precisos y de calidad a instituciones y particulares. Con una perspectiva visionaria, definimos los pasos futuros de las [&hellip;]<\/p>\n","protected":false},"author":1,"featured_media":0,"parent":0,"menu_order":0,"comment_status":"closed","ping_status":"closed","template":"","meta":{"_joinchat":[],"footnotes":""},"class_list":["post-4803","page","type-page","status-publish","hentry"],"_links":{"self":[{"href":"https:\/\/zabata.com.tr\/es\/wp-json\/wp\/v2\/pages\/4803","targetHints":{"allow":["GET"]}}],"collection":[{"href":"https:\/\/zabata.com.tr\/es\/wp-json\/wp\/v2\/pages"}],"about":[{"href":"https:\/\/zabata.com.tr\/es\/wp-json\/wp\/v2\/types\/page"}],"author":[{"embeddable":true,"href":"https:\/\/zabata.com.tr\/es\/wp-json\/wp\/v2\/users\/1"}],"replies":[{"embeddable":true,"href":"https:\/\/zabata.com.tr\/es\/wp-json\/wp\/v2\/comments?post=4803"}],"version-history":[{"count":0,"href":"https:\/\/zabata.com.tr\/es\/wp-json\/wp\/v2\/pages\/4803\/revisions"}],"wp:attachment":[{"href":"https:\/\/zabata.com.tr\/es\/wp-json\/wp\/v2\/media?parent=4803"}],"curies":[{"name":"wp","href":"https:\/\/api.w.org\/{rel}","templated":true}]}}