{"id":5037,"date":"2016-09-24T01:55:27","date_gmt":"2016-09-24T01:55:27","guid":{"rendered":"https:\/\/zabata.com.tr\/nuestros-oficinas\/"},"modified":"2021-03-09T03:02:26","modified_gmt":"2021-03-09T03:02:26","slug":"nuestros-oficinas","status":"publish","type":"page","link":"https:\/\/zabata.com.tr\/es\/nuestros-oficinas\/","title":{"rendered":"Nuestros Oficinas"},"content":{"rendered":"<div class=\"wpb-content-wrapper\"><p>[vc_row wrap_container=\u00bbyes\u00bb is_section=\u00bbyes\u00bb remove_margin_top=\u00bbyes\u00bb remove_margin_bottom=\u00bbyes\u00bb el_id=\u00bbofislerimiz\u00bb][vc_column][vc_custom_heading text=\u00bbNuestros Oficinas\u00bb font_container=\u00bbtag:h2|text_align:center\u00bb use_theme_fonts=\u00bbyes\u00bb el_class=\u00bbm-b-xs m-t-md\u00bb][vc_column_text el_class=\u00bblead\u00bb css=\u00bb.vc_custom_1614992239065{padding-top: 10px !important;padding-bottom: 10px !important;}\u00bb]<\/p>\n<p style=\"text-align: center;\">Los empleados de nuestras oficinas en Estambul, Ankara e Izmir trabajan juntos como un equipo cohesionado. Lo que realmente nos distingue de otras firmas de consultor\u00eda empresarial son los empleados de Zabata Consulting y nuestra cultura corporativa \u00fanica.<\/p>\n<p>[\/vc_column_text][\/vc_column][\/vc_row][vc_row][vc_column][vc_text_separator title=\u00bbOficinas en Turqu\u00eda\u00bb][vc_row_inner][vc_column_inner width=\u00bb1\/2&#8243;][vc_column_text]<\/p>\n<h2 style=\"text-align: center;\"><strong>\u0130stanbul<\/strong><\/h2>\n<p>[\/vc_column_text]<div class=\"porto-image-frame  thumb-info-custom\"><div class=\"thumb-info thumb-info-hide-wrapper-bg thumb-info-no-zoom thumb-info-side-image thumb-info-no-zoom thumb-info-centered-icons thumb-info-no-borders thumb-info-box-shadow\"><span class=\"thumb-info-side-image-wrapper\"><img decoding=\"async\" alt=\"\u0130stanbul Dan\u0131\u015fmanl\u0131k Hizmetleri\" src=\"\/\/zabata.com.tr\/wp-content\/uploads\/2021\/01\/istanbul-350x175-1.jpg\" class=\"img-responsive\" width=\"350\" height=\"175\"><\/span><div class=\"thumb-info-caption\"><div class=\"thumb-info-caption-text\"><p>Atat\u00fcrk Mah. Had\u0131mk\u00f6y Yolu Cad.<\/p>\n<p>No: 10-13 Kat:2<\/p>\n<p>Esenyurt, \u0130stanbul \u2013 TURKEY<\/p>\n<\/div><\/div><\/div><\/div>[\/vc_column_inner][vc_column_inner width=\u00bb1\/2&#8243;][vc_column_text]<\/p>\n<h2 style=\"text-align: center;\"><strong>Ankara<\/strong><\/h2>\n<p>[\/vc_column_text]<div class=\"porto-image-frame  thumb-info-custom\"><div class=\"thumb-info thumb-info-hide-wrapper-bg thumb-info-no-zoom thumb-info-side-image thumb-info-no-zoom thumb-info-centered-icons thumb-info-no-borders thumb-info-box-shadow\"><span class=\"thumb-info-side-image-wrapper\"><img decoding=\"async\" alt=\"Ankara Dan\u0131\u015fmanl\u0131k Hizmetleri\" src=\"\/\/zabata.com.tr\/wp-content\/uploads\/2021\/01\/ankara-350x175-1.jpg\" class=\"img-responsive\" width=\"350\" height=\"175\"><\/span><div class=\"thumb-info-caption\"><div class=\"thumb-info-caption-text\"><p>Me\u015frutiyet Caddesi<\/p>\n<p>K\u00f6k \u00c7ar\u015f\u0131s\u0131 No: 44<\/p>\n<p>K\u0131z\u0131lay, Ankara \u2013 TURKEY<\/p>\n<\/div><\/div><\/div><\/div>[\/vc_column_inner][\/vc_row_inner][vc_row_inner][vc_column_inner width=\u00bb1\/2&#8243;][vc_column_text]<\/p>\n<h2 style=\"text-align: center;\"><strong>Antalya<\/strong><\/h2>\n<p>[\/vc_column_text]<div class=\"porto-image-frame  thumb-info-custom\"><div class=\"thumb-info thumb-info-hide-wrapper-bg thumb-info-no-zoom thumb-info-side-image thumb-info-no-zoom thumb-info-centered-icons thumb-info-no-borders thumb-info-box-shadow\"><span class=\"thumb-info-side-image-wrapper\"><img decoding=\"async\" alt=\"antalya\" src=\"\/\/zabata.com.tr\/wp-content\/uploads\/2021\/03\/antalya.jpg\" class=\"img-responsive\" width=\"350\" height=\"175\"><\/span><div class=\"thumb-info-caption\"><div class=\"thumb-info-caption-text\"><p>Ha\u015fim \u0130\u015fcan Mah. Atat\u00fcrk Cd.<\/p>\n<p>1298 Atalay T\u00fcz\u00fcn Sok. No:1\/4<\/p>\n<p>Muratpa\u015fa, Antalya \u2013 TURKEY<\/p>\n<\/div><\/div><\/div><\/div>[\/vc_column_inner][vc_column_inner width=\u00bb1\/2&#8243;][vc_column_text]<\/p>\n<h2 style=\"text-align: center;\"><strong>\u0130zmir<\/strong><\/h2>\n<p>[\/vc_column_text]<div class=\"porto-image-frame  thumb-info-custom\"><div class=\"thumb-info thumb-info-hide-wrapper-bg thumb-info-no-zoom thumb-info-side-image thumb-info-no-zoom thumb-info-centered-icons thumb-info-no-borders thumb-info-box-shadow\"><span class=\"thumb-info-side-image-wrapper\"><img decoding=\"async\" alt=\"\u0130zmir Dan\u0131\u015fmanl\u0131k Hizmetleri\" src=\"\/\/zabata.com.tr\/wp-content\/uploads\/2021\/01\/izmir-350x175-1.jpg\" class=\"img-responsive\" width=\"350\" height=\"175\"><\/span><div class=\"thumb-info-caption\"><div class=\"thumb-info-caption-text\"><p>Adalet Mahallesi<\/p>\n<p>Manas Bulvar\u0131 No:39<\/p>\n<p>Bayrakl\u0131-\u0130zmir\/ TURKEY<\/p>\n<\/div><\/div><\/div><\/div>[\/vc_column_inner][\/vc_row_inner][\/vc_column][\/vc_row][vc_row][vc_column][vc_text_separator title=\u00bbOficinas en el Extranjero\u00bb][vc_row_inner][vc_column_inner width=\u00bb1\/2&#8243;][vc_column_text]<\/p>\n<h2 style=\"text-align: center;\"><strong>Alemania<\/strong><\/h2>\n<p>[\/vc_column_text]<div class=\"porto-image-frame  thumb-info-custom\"><div class=\"thumb-info thumb-info-hide-wrapper-bg thumb-info-no-zoom thumb-info-side-image thumb-info-no-zoom thumb-info-centered-icons thumb-info-no-borders thumb-info-box-shadow\"><span class=\"thumb-info-side-image-wrapper\"><img decoding=\"async\" alt=\"almanya\" src=\"\/\/zabata.com.tr\/wp-content\/uploads\/2021\/03\/almanya.jpg\" class=\"img-responsive\" width=\"350\" height=\"175\"><\/span><div class=\"thumb-info-caption\"><div class=\"thumb-info-caption-text\"><p>Weissenburgstrasse 31 45663<\/p>\n<p>Recklinghausen-Germany<\/p>\n<\/div><\/div><\/div><\/div>[\/vc_column_inner][vc_column_inner width=\u00bb1\/2&#8243;][vc_column_text]<\/p>\n<h2 style=\"text-align: center;\"><strong>Austria<\/strong><\/h2>\n<p>[\/vc_column_text]<div class=\"porto-image-frame  thumb-info-custom\"><div class=\"thumb-info thumb-info-hide-wrapper-bg thumb-info-no-zoom thumb-info-side-image thumb-info-no-zoom thumb-info-centered-icons thumb-info-no-borders thumb-info-box-shadow\"><span class=\"thumb-info-side-image-wrapper\"><img decoding=\"async\" alt=\"austria\" src=\"\/\/zabata.com.tr\/wp-content\/uploads\/2021\/03\/austria.jpg\" class=\"img-responsive\" width=\"350\" height=\"175\"><\/span><div class=\"thumb-info-caption\"><div class=\"thumb-info-caption-text\"><p>Ettenreichgasse 1100<\/p>\n<p>Wien-Austria<\/p>\n<\/div><\/div><\/div><\/div>[\/vc_column_inner][\/vc_row_inner][vc_row_inner][vc_column_inner width=\u00bb1\/2&#8243;][vc_column_text]<\/p>\n<h2 style=\"text-align: center;\"><strong>Ucrania<\/strong><\/h2>\n<p>[\/vc_column_text]<div class=\"porto-image-frame  thumb-info-custom\"><div class=\"thumb-info thumb-info-hide-wrapper-bg thumb-info-no-zoom thumb-info-side-image thumb-info-no-zoom thumb-info-centered-icons thumb-info-no-borders thumb-info-box-shadow\"><span class=\"thumb-info-side-image-wrapper\"><img decoding=\"async\" alt=\"ukraine\" src=\"\/\/zabata.com.tr\/wp-content\/uploads\/2021\/03\/ukraine.jpg\" class=\"img-responsive\" width=\"350\" height=\"175\"><\/span><div class=\"thumb-info-caption\"><div class=\"thumb-info-caption-text\"><p>Ulitsa Bunina 27\/2<\/p>\n<p>Odessa-Ukrainian<\/p>\n<\/div><\/div><\/div><\/div>[\/vc_column_inner][vc_column_inner width=\u00bb1\/2&#8243;][vc_column_text]<\/p>\n<h2 style=\"text-align: center;\"><strong>Bielorrusia<\/strong><\/h2>\n<p>[\/vc_column_text]<div class=\"porto-image-frame  thumb-info-custom\"><div class=\"thumb-info thumb-info-hide-wrapper-bg thumb-info-no-zoom thumb-info-side-image thumb-info-no-zoom thumb-info-centered-icons thumb-info-no-borders thumb-info-box-shadow\"><span class=\"thumb-info-side-image-wrapper\"><img decoding=\"async\" alt=\"belarus\" src=\"\/\/zabata.com.tr\/wp-content\/uploads\/2021\/03\/belarus.jpg\" class=\"img-responsive\" width=\"350\" height=\"175\"><\/span><div class=\"thumb-info-caption\"><div class=\"thumb-info-caption-text\"><p>Zibitskaya St. No: 10<\/p>\n<p>Minsk-Belarus<\/p>\n<\/div><\/div><\/div><\/div>[\/vc_column_inner][\/vc_row_inner][\/vc_column][\/vc_row]<\/p>\n<\/div>","protected":false},"excerpt":{"rendered":"<p>[vc_row wrap_container=\u00bbyes\u00bb is_section=\u00bbyes\u00bb remove_margin_top=\u00bbyes\u00bb remove_margin_bottom=\u00bbyes\u00bb el_id=\u00bbofislerimiz\u00bb][vc_column][vc_custom_heading text=\u00bbNuestros Oficinas\u00bb font_container=\u00bbtag:h2|text_align:center\u00bb use_theme_fonts=\u00bbyes\u00bb el_class=\u00bbm-b-xs m-t-md\u00bb][vc_column_text el_class=\u00bblead\u00bb css=\u00bb.vc_custom_1614992239065{padding-top: 10px !important;padding-bottom: 10px !important;}\u00bb] Los empleados de nuestras oficinas en Estambul, Ankara e Izmir trabajan juntos como un equipo cohesionado. Lo que realmente nos distingue de otras firmas de consultor\u00eda empresarial son los empleados de Zabata Consulting y nuestra cultura corporativa [&hellip;]<\/p>\n","protected":false},"author":1,"featured_media":0,"parent":0,"menu_order":0,"comment_status":"closed","ping_status":"closed","template":"","meta":{"_joinchat":[],"footnotes":""},"class_list":["post-5037","page","type-page","status-publish","hentry"],"_links":{"self":[{"href":"https:\/\/zabata.com.tr\/es\/wp-json\/wp\/v2\/pages\/5037","targetHints":{"allow":["GET"]}}],"collection":[{"href":"https:\/\/zabata.com.tr\/es\/wp-json\/wp\/v2\/pages"}],"about":[{"href":"https:\/\/zabata.com.tr\/es\/wp-json\/wp\/v2\/types\/page"}],"author":[{"embeddable":true,"href":"https:\/\/zabata.com.tr\/es\/wp-json\/wp\/v2\/users\/1"}],"replies":[{"embeddable":true,"href":"https:\/\/zabata.com.tr\/es\/wp-json\/wp\/v2\/comments?post=5037"}],"version-history":[{"count":0,"href":"https:\/\/zabata.com.tr\/es\/wp-json\/wp\/v2\/pages\/5037\/revisions"}],"wp:attachment":[{"href":"https:\/\/zabata.com.tr\/es\/wp-json\/wp\/v2\/media?parent=5037"}],"curies":[{"name":"wp","href":"https:\/\/api.w.org\/{rel}","templated":true}]}}