{"id":4808,"date":"2016-09-26T02:08:58","date_gmt":"2016-09-26T02:08:58","guid":{"rendered":"https:\/\/zabata.com.tr\/chi-siamo\/"},"modified":"2021-02-11T21:39:02","modified_gmt":"2021-02-11T21:39:02","slug":"chi-siamo","status":"publish","type":"page","link":"https:\/\/zabata.com.tr\/it\/chi-siamo\/","title":{"rendered":"Chi Siamo"},"content":{"rendered":"<div class=\"wpb-content-wrapper\"><p>[vc_row][vc_column text_align=&#8221;justify&#8221; offset=&#8221;vc_col-md-8&#8243;][vc_custom_heading text=&#8221;Benvenuti in Zabata Consulting Services!&#8221; use_theme_fonts=&#8221;yes&#8221; el_class=&#8221;m-b-xs&#8221;][vc_column_text el_class=&#8221;lead&#8221;]Zabat Consultancy Services offre da oltre 20 anni i servizi di consulenza pi\u00f9 completi della Turchia che offriamo. Come Zabata Consulting, offriamo servizi di consulenza accurati e di qualit\u00e0 a istituzioni e privati. Con una prospettiva visionaria, definiamo insieme i passi futuri di istituzioni e organizzazioni utilizzando le giuste tecniche di sintesi dell&#8217;analisi, elaboriamo una road map applicabile, progettiamo progetti chiave, determiniamo e misuriamo insieme i criteri di successo. Abbiamo lavorato con pi\u00f9 di 100 clienti, da ambiziosi operatori di medie dimensioni a leader del settore, tra cui almeno uno dei primi tre attori in quasi la maggior parte dei settori leader del paese.[\/vc_column_text][vc_column_text]Zabata Consulting Services, grazie agli avvocati pi\u00f9 esperti del settore, ti offriamo il miglior servizio in tutte le questioni legali. I nostri avvocati nel nostro team sono i migliori nelle loro materie. Izmir in Turchia e soprattutto Istanbul, Ankara, Izmir, Bursa, troviamo i migliori avvocati quando tutto ci\u00f2 di cui hai bisogno \u00e8 ad Ankara e in altre citt\u00e0.<\/p>\n<p>Grazie a tutti i nostri clienti, al nostro team esperto di Istanbul contenuto nel nostro personale di manutenzione, Izmir, Ankara, Izmir, Antalya, offriamo tutti i migliori servizi di badante in Turchia, in particolare a Istanbul.<\/p>\n<p>La Turchia \u00e8 un paese a cui abbiamo dedicato molto tempo in oltre 20 anni, principalmente grazie alla nostra esperienza abbiamo maturato servizi di vigilanza privata, siamo diventati un marchio di fabbrica sulla consulenza in materia di sicurezza privata. Tutto su sicurezza privata e servizi di sicurezza fisica e consulenza sulla sicurezza Offriamo il miglior servizio in Turchia. Stiamo cercando servizi di consulenza sulla sicurezza a un unico indirizzo in Turchia.<\/p>\n<p>[\/vc_column_text][\/vc_column][vc_column offset=&#8221;vc_col-md-4&#8243;]<div class=\"porto-carousel owl-carousel has-ccols has-ccols-spacing ccols-xl-1 ccols-lg-1 ccols-md-1 ccols-sm-1 ccols-1 wpb_custom_70a89e142ccf56dcd4c7bfc4b40db368 nav-inside\" data-plugin-options=\"{&quot;themeConfig&quot;:true,&quot;stagePadding&quot;:0,&quot;margin&quot;:10,&quot;autoplay&quot;:&quot;yes&quot;,&quot;mouseDrag&quot;:true,&quot;touchDrag&quot;:true,&quot;autoplayTimeout&quot;:3000,&quot;autoplayHoverPause&quot;:false,&quot;items&quot;:1,&quot;xl&quot;:1,&quot;lg&quot;:1,&quot;md&quot;:1,&quot;sm&quot;:1,&quot;xs&quot;:1,&quot;nav&quot;:false,&quot;dots&quot;:&quot;yes&quot;,&quot;animateIn&quot;:&quot;&quot;,&quot;animateOut&quot;:&quot;&quot;,&quot;loop&quot;:&quot;yes&quot;,&quot;center&quot;:false,&quot;video&quot;:false,&quot;lazyLoad&quot;:false,&quot;fullscreen&quot;:false}\">[vc_single_image image=&#8221;3396&#8243; alignment=&#8221;center&#8221;][vc_single_image image=&#8221;3405&#8243; alignment=&#8221;center&#8221;][vc_single_image image=&#8221;3360&#8243; alignment=&#8221;center&#8221;]<\/div><div class=\"stats-block stats-top   wpb_custom_a517333ace5b1666c6af8bd4684f1de9\"><div class=\"stats-desc\"><div id=\"counter_23220179669ea453e6fd22\" data-id=\"counter_23220179669ea453e6fd22\" class=\"stats-number\" style=\" font-size:50px;color:#008fe2;\" data-speed=\"3\" data-counter-value=\"20\" data-separator=\",\" data-decimal=\".\">0<\/div><div class=\"stats-text\" style=\"font-size:20px;\">Years of Experience<\/div><\/div><\/div><div class=\"stats-block stats-top   wpb_custom_a517333ace5b1666c6af8bd4684f1de9\"><div class=\"stats-desc\"><div id=\"counter_105614714469ea453e6fda0\" data-id=\"counter_105614714469ea453e6fda0\" class=\"stats-number\" style=\" font-size:50px;color:#008fe2;\" data-speed=\"3\" data-counter-value=\"188\" data-separator=\",\" data-decimal=\".\">0<\/div><div class=\"stats-text\" style=\"font-size:20px;\">Project<\/div><\/div><\/div><div class=\"stats-block stats-top   wpb_custom_a517333ace5b1666c6af8bd4684f1de9\"><div class=\"stats-desc\"><div id=\"counter_81545247469ea453e6fe00\" data-id=\"counter_81545247469ea453e6fe00\" class=\"stats-number\" style=\" font-size:50px;color:#008fe2;\" data-speed=\"3\" data-counter-value=\"188\" data-separator=\",\" data-decimal=\".\">0<\/div><div class=\"stats-text\" style=\"font-size:20px;\">Happy Customers<\/div><\/div><\/div>[\/vc_column][\/vc_row][vc_row full_width=&#8221;stretch_row_content_no_spaces&#8221; wrap_container=&#8221;yes&#8221; is_section=&#8221;yes&#8221; remove_border=&#8221;yes&#8221; el_class=&#8221;m-b-n-xl m-t-xl&#8221;][vc_column width=&#8221;3\/4&#8243; el_class=&#8221;col-sm-9&#8243;][vc_custom_heading text=&#8221;&#8220; Zabata Consultancy ti offre soluzioni strategiche per le tue esigenze! &#8221;&#8221; font_container=&#8221;tag:h3|text_align:center&#8221; use_theme_fonts=&#8221;yes&#8221; el_class=&#8221;m-b-sm&#8221;][vc_custom_heading text=&#8221;Contattaci per avere informazioni dettagliate.&#8221; font_container=&#8221;tag:p|font_size:17|text_align:center&#8221; use_theme_fonts=&#8221;yes&#8221;][\/vc_column][vc_column width=&#8221;1\/4&#8243; el_class=&#8221;col-sm-3&#8243;][vc_btn title=&#8221;Contattaci&#8221; style=&#8221;flat&#8221; shape=&#8221;square&#8221; size=&#8221;lg&#8221; align=&#8221;center&#8221; skin=&#8221;primary&#8221; link=&#8221;url:http%3A%2F%2Fzabata.com.tr%2Fcontact%2F|title:Contattaci|&#8221; el_class=&#8221;m-t-sm&#8221;][\/vc_column][\/vc_row]<\/p>\n<\/div>","protected":false},"excerpt":{"rendered":"<p>[vc_row][vc_column text_align=&#8221;justify&#8221; offset=&#8221;vc_col-md-8&#8243;][vc_custom_heading text=&#8221;Benvenuti in Zabata Consulting Services!&#8221; use_theme_fonts=&#8221;yes&#8221; el_class=&#8221;m-b-xs&#8221;][vc_column_text el_class=&#8221;lead&#8221;]Zabat Consultancy Services offre da oltre 20 anni i servizi di consulenza pi\u00f9 completi della Turchia che offriamo. Come Zabata Consulting, offriamo servizi di consulenza accurati e di qualit\u00e0 a istituzioni e privati. Con una prospettiva visionaria, definiamo insieme i passi futuri di istituzioni e [&hellip;]<\/p>\n","protected":false},"author":1,"featured_media":0,"parent":0,"menu_order":0,"comment_status":"closed","ping_status":"closed","template":"","meta":{"_joinchat":[],"footnotes":""},"class_list":["post-4808","page","type-page","status-publish","hentry"],"_links":{"self":[{"href":"https:\/\/zabata.com.tr\/it\/wp-json\/wp\/v2\/pages\/4808","targetHints":{"allow":["GET"]}}],"collection":[{"href":"https:\/\/zabata.com.tr\/it\/wp-json\/wp\/v2\/pages"}],"about":[{"href":"https:\/\/zabata.com.tr\/it\/wp-json\/wp\/v2\/types\/page"}],"author":[{"embeddable":true,"href":"https:\/\/zabata.com.tr\/it\/wp-json\/wp\/v2\/users\/1"}],"replies":[{"embeddable":true,"href":"https:\/\/zabata.com.tr\/it\/wp-json\/wp\/v2\/comments?post=4808"}],"version-history":[{"count":0,"href":"https:\/\/zabata.com.tr\/it\/wp-json\/wp\/v2\/pages\/4808\/revisions"}],"wp:attachment":[{"href":"https:\/\/zabata.com.tr\/it\/wp-json\/wp\/v2\/media?parent=4808"}],"curies":[{"name":"wp","href":"https:\/\/api.w.org\/{rel}","templated":true}]}}