{"id":4834,"date":"2016-09-26T02:08:58","date_gmt":"2016-09-26T02:08:58","guid":{"rendered":"https:\/\/zabata.com.tr\/sobre-nos\/"},"modified":"2021-02-11T21:47:03","modified_gmt":"2021-02-11T21:47:03","slug":"sobre-nos","status":"publish","type":"page","link":"https:\/\/zabata.com.tr\/pt-br\/sobre-nos\/","title":{"rendered":"Sobre N\u00f3s"},"content":{"rendered":"<div class=\"wpb-content-wrapper\"><p>[vc_row][vc_column text_align=&#8221;justify&#8221; offset=&#8221;vc_col-md-8&#8243;][vc_custom_heading text=&#8221;Bem-vindo ao Zabata Consulting Services!&#8221; use_theme_fonts=&#8221;yes&#8221; el_class=&#8221;m-b-xs&#8221;][vc_column_text el_class=&#8221;lead&#8221;]A Zabat Consultancy Services tem mais de 20 anos dos servi\u00e7os de consultoria mais abrangentes que oferecemos na Turquia. Como Zabata Consulting, oferecemos servi\u00e7os de consultoria de qualidade e precisos para institui\u00e7\u00f5es e indiv\u00edduos. Com uma perspectiva vision\u00e1ria, definimos as etapas futuras de institui\u00e7\u00f5es e organiza\u00e7\u00f5es em conjunto, usando as t\u00e9cnicas de s\u00edntese de an\u00e1lise adequadas, elaboramos um roteiro aplic\u00e1vel, projetamos projetos-chave, determinamos e avaliamos os crit\u00e9rios de sucesso juntos. Trabalhamos com mais de 100 clientes, de ambiciosos jogadores de m\u00e9dio porte a l\u00edderes do setor, incluindo pelo menos um dos tr\u00eas principais participantes em quase a maioria dos principais setores do pa\u00eds.[\/vc_column_text][vc_column_text]A Zabata Consulting Services, gra\u00e7as aos advogados mais experientes do sector, oferecemos-lhe o melhor servi\u00e7o em todos os assuntos jur\u00eddicos. Nossos advogados em nossa equipe s\u00e3o os melhores em seus assuntos. Izmir na Turquia e, especialmente, Istambul, Ankara, Izmir, Bursa, encontramos os melhores advogados quando tudo que voc\u00ea precisa est\u00e1 em Ancara e outras cidades.<\/p>\n<p>Gra\u00e7as a todos os nossos clientes, nossa experiente equipe de Istambul, contida em nosso pessoal de manuten\u00e7\u00e3o, Izmir, Ankara, Izmir, Antalya, oferecemos todos os melhores servi\u00e7os de cuidador na Turquia, especialmente em Istambul.<\/p>\n<p>A Turquia \u00e9 um pa\u00eds ao qual dedicamos muito tempo em mais de 20 anos, principalmente gra\u00e7as \u00e0 nossa experi\u00eancia adquirimos servi\u00e7os de seguran\u00e7a privada, nos tornamos uma marca registrada em consultoria de seguran\u00e7a privada. Tudo sobre seguran\u00e7a privada e servi\u00e7os de seguran\u00e7a f\u00edsica e consultoria de seguran\u00e7a. Oferecemos o melhor servi\u00e7o na Turquia. Estamos procurando cerca de servi\u00e7os de consultoria de seguran\u00e7a para um \u00fanico endere\u00e7o na Turquia.<\/p>\n<p>[\/vc_column_text][\/vc_column][vc_column offset=&#8221;vc_col-md-4&#8243;]<div class=\"porto-carousel owl-carousel has-ccols has-ccols-spacing ccols-xl-1 ccols-lg-1 ccols-md-1 ccols-sm-1 ccols-1 wpb_custom_70a89e142ccf56dcd4c7bfc4b40db368 nav-inside\" data-plugin-options=\"{&quot;themeConfig&quot;:true,&quot;stagePadding&quot;:0,&quot;margin&quot;:10,&quot;autoplay&quot;:&quot;yes&quot;,&quot;mouseDrag&quot;:true,&quot;touchDrag&quot;:true,&quot;autoplayTimeout&quot;:3000,&quot;autoplayHoverPause&quot;:false,&quot;items&quot;:1,&quot;xl&quot;:1,&quot;lg&quot;:1,&quot;md&quot;:1,&quot;sm&quot;:1,&quot;xs&quot;:1,&quot;nav&quot;:false,&quot;dots&quot;:&quot;yes&quot;,&quot;animateIn&quot;:&quot;&quot;,&quot;animateOut&quot;:&quot;&quot;,&quot;loop&quot;:&quot;yes&quot;,&quot;center&quot;:false,&quot;video&quot;:false,&quot;lazyLoad&quot;:false,&quot;fullscreen&quot;:false}\">[vc_single_image image=&#8221;978&#8243; alignment=&#8221;center&#8221;][vc_single_image image=&#8221;979&#8243; alignment=&#8221;center&#8221;][vc_single_image image=&#8221;951&#8243; alignment=&#8221;center&#8221;]<\/div><div class=\"stats-block stats-top   wpb_custom_a517333ace5b1666c6af8bd4684f1de9\"><div class=\"stats-desc\"><div id=\"counter_141115542969e4456847cc0\" data-id=\"counter_141115542969e4456847cc0\" class=\"stats-number\" style=\" font-size:50px;color:#008fe2;\" data-speed=\"3\" data-counter-value=\"20\" data-separator=\",\" data-decimal=\".\">0<\/div><div class=\"stats-text\" style=\"font-size:20px;\">Years of Experience<\/div><\/div><\/div><div class=\"stats-block stats-top   wpb_custom_a517333ace5b1666c6af8bd4684f1de9\"><div class=\"stats-desc\"><div id=\"counter_149431832069e4456847d3e\" data-id=\"counter_149431832069e4456847d3e\" class=\"stats-number\" style=\" font-size:50px;color:#008fe2;\" data-speed=\"3\" data-counter-value=\"188\" data-separator=\",\" data-decimal=\".\">0<\/div><div class=\"stats-text\" style=\"font-size:20px;\">Project<\/div><\/div><\/div><div class=\"stats-block stats-top   wpb_custom_a517333ace5b1666c6af8bd4684f1de9\"><div class=\"stats-desc\"><div id=\"counter_163503649569e4456847da5\" data-id=\"counter_163503649569e4456847da5\" class=\"stats-number\" style=\" font-size:50px;color:#008fe2;\" data-speed=\"3\" data-counter-value=\"188\" data-separator=\",\" data-decimal=\".\">0<\/div><div class=\"stats-text\" style=\"font-size:20px;\">Happy Customers<\/div><\/div><\/div>[\/vc_column][\/vc_row][vc_row full_width=&#8221;stretch_row_content_no_spaces&#8221; wrap_container=&#8221;yes&#8221; is_section=&#8221;yes&#8221; remove_border=&#8221;yes&#8221; el_class=&#8221;m-b-n-xl m-t-xl&#8221;][vc_column width=&#8221;3\/4&#8243; el_class=&#8221;col-sm-9&#8243;][vc_custom_heading text=&#8221;`\u02bbA Zabata Consultancy atende a voc\u00ea com solu\u00e7\u00f5es estrat\u00e9gicas para suas necessidades! &#8221;&#8221; font_container=&#8221;tag:h3|text_align:center&#8221; use_theme_fonts=&#8221;yes&#8221; el_class=&#8221;m-b-sm&#8221;][vc_custom_heading text=&#8221;Contate-nos para obter informa\u00e7\u00f5es detalhadas.&#8221; font_container=&#8221;tag:p|font_size:17|text_align:center&#8221; use_theme_fonts=&#8221;yes&#8221;][\/vc_column][vc_column width=&#8221;1\/4&#8243; el_class=&#8221;col-sm-3&#8243;][vc_btn title=&#8221;Contate-Nos&#8221; style=&#8221;flat&#8221; shape=&#8221;square&#8221; size=&#8221;lg&#8221; align=&#8221;center&#8221; skin=&#8221;primary&#8221; link=&#8221;url:http%3A%2F%2Fzabata.com.tr%2Fcontact%2F|title:Contate-Nos|&#8221; el_class=&#8221;m-t-sm&#8221;][\/vc_column][\/vc_row]<\/p>\n<\/div>","protected":false},"excerpt":{"rendered":"<p>[vc_row][vc_column text_align=&#8221;justify&#8221; offset=&#8221;vc_col-md-8&#8243;][vc_custom_heading text=&#8221;Bem-vindo ao Zabata Consulting Services!&#8221; use_theme_fonts=&#8221;yes&#8221; el_class=&#8221;m-b-xs&#8221;][vc_column_text el_class=&#8221;lead&#8221;]A Zabat Consultancy Services tem mais de 20 anos dos servi\u00e7os de consultoria mais abrangentes que oferecemos na Turquia. Como Zabata Consulting, oferecemos servi\u00e7os de consultoria de qualidade e precisos para institui\u00e7\u00f5es e indiv\u00edduos. Com uma perspectiva vision\u00e1ria, definimos as etapas futuras de institui\u00e7\u00f5es e [&hellip;]<\/p>\n","protected":false},"author":1,"featured_media":0,"parent":0,"menu_order":0,"comment_status":"closed","ping_status":"closed","template":"","meta":{"_joinchat":[],"footnotes":""},"class_list":["post-4834","page","type-page","status-publish","hentry"],"_links":{"self":[{"href":"https:\/\/zabata.com.tr\/pt-br\/wp-json\/wp\/v2\/pages\/4834","targetHints":{"allow":["GET"]}}],"collection":[{"href":"https:\/\/zabata.com.tr\/pt-br\/wp-json\/wp\/v2\/pages"}],"about":[{"href":"https:\/\/zabata.com.tr\/pt-br\/wp-json\/wp\/v2\/types\/page"}],"author":[{"embeddable":true,"href":"https:\/\/zabata.com.tr\/pt-br\/wp-json\/wp\/v2\/users\/1"}],"replies":[{"embeddable":true,"href":"https:\/\/zabata.com.tr\/pt-br\/wp-json\/wp\/v2\/comments?post=4834"}],"version-history":[{"count":0,"href":"https:\/\/zabata.com.tr\/pt-br\/wp-json\/wp\/v2\/pages\/4834\/revisions"}],"wp:attachment":[{"href":"https:\/\/zabata.com.tr\/pt-br\/wp-json\/wp\/v2\/media?parent=4834"}],"curies":[{"name":"wp","href":"https:\/\/api.w.org\/{rel}","templated":true}]}}