{"id":4932,"date":"2016-09-26T02:12:27","date_gmt":"2016-09-25T23:12:27","guid":{"rendered":"https:\/\/zabata.com.tr\/%d1%81%d0%b2%d1%8f%d0%b7%d0%b0%d1%82%d1%8c%d1%81%d1%8f-%d1%81-%d0%bd%d0%b0%d0%bc%d0%b8\/"},"modified":"2024-01-22T23:46:48","modified_gmt":"2024-01-22T20:46:48","slug":"%d1%81%d0%b2%d1%8f%d0%b7%d0%b0%d1%82%d1%8c%d1%81%d1%8f-%d1%81-%d0%bd%d0%b0%d0%bc%d0%b8","status":"publish","type":"page","link":"https:\/\/zabata.com.tr\/ru\/%d1%81%d0%b2%d1%8f%d0%b7%d0%b0%d1%82%d1%8c%d1%81%d1%8f-%d1%81-%d0%bd%d0%b0%d0%bc%d0%b8\/","title":{"rendered":"\u0421\u0432\u044f\u0437\u0430\u0442\u044c\u0441\u044f \u0441 \u043d\u0430\u043c\u0438"},"content":{"rendered":"<div class=\"wpb-content-wrapper\"><p>[vc_row][vc_column width=&#187;1\/2&#8243;]\n<div class=\"wpcf7 no-js\" id=\"wpcf7-f88-o1\" lang=\"en-US\" dir=\"ltr\" data-wpcf7-id=\"88\">\n<div class=\"screen-reader-response\"><p role=\"status\" aria-live=\"polite\" aria-atomic=\"true\"><\/p> <ul><\/ul><\/div>\n<form action=\"\/ru\/wp-json\/wp\/v2\/pages\/4932#wpcf7-f88-o1\" method=\"post\" class=\"wpcf7-form init\" aria-label=\"Contact form\" novalidate=\"novalidate\" data-status=\"init\">\n<fieldset class=\"hidden-fields-container\"><input type=\"hidden\" name=\"_wpcf7\" value=\"88\" \/><input type=\"hidden\" name=\"_wpcf7_version\" value=\"6.1.5\" \/><input type=\"hidden\" name=\"_wpcf7_locale\" value=\"en_US\" \/><input type=\"hidden\" name=\"_wpcf7_unit_tag\" value=\"wpcf7-f88-o1\" \/><input type=\"hidden\" name=\"_wpcf7_container_post\" value=\"0\" \/><input type=\"hidden\" name=\"_wpcf7_posted_data_hash\" value=\"\" \/>\n<\/fieldset>\n<h4 class=\"m-b-lg\">Contact Us<\/h4>\n<div class=\"row\">\n    <div class=\"col-lg-12\">\n        <div class=\"form-group\">\n            <span class=\"wpcf7-form-control-wrap\" data-name=\"your-name\"><input size=\"40\" maxlength=\"400\" class=\"wpcf7-form-control wpcf7-text wpcf7-validates-as-required form-control\" id=\"contact-name\" aria-required=\"true\" aria-invalid=\"false\" placeholder=\"Name Surname\" value=\"\" type=\"text\" name=\"your-name\" \/><\/span>\n        <\/div>\n    <\/div>\n    <div class=\"col-lg-12\">\n        <div class=\"form-group\">\n            <span class=\"wpcf7-form-control-wrap\" data-name=\"your-email\"><input size=\"40\" maxlength=\"400\" class=\"wpcf7-form-control wpcf7-email wpcf7-validates-as-required wpcf7-text wpcf7-validates-as-email form-control\" id=\"contact-email\" aria-required=\"true\" aria-invalid=\"false\" placeholder=\"E-mail Address\" value=\"\" type=\"email\" name=\"your-email\" \/><\/span>\n        <\/div>\n    <\/div>\n    <div class=\"col-lg-12\">\n        <div class=\"form-group\">\n            <span class=\"wpcf7-form-control-wrap\" data-name=\"your-subject\"><input size=\"40\" maxlength=\"400\" class=\"wpcf7-form-control wpcf7-text form-control\" id=\"contact-subject\" aria-invalid=\"false\" placeholder=\"Subject\" value=\"\" type=\"text\" name=\"your-subject\" \/><\/span>\n        <\/div>\n    <\/div>\n    <div class=\"col-lg-12\">\n        <div class=\"form-group\">\n            <span class=\"wpcf7-form-control-wrap\" data-name=\"your-message\"><textarea cols=\"40\" rows=\"5\" maxlength=\"2000\" class=\"wpcf7-form-control wpcf7-textarea wpcf7-validates-as-required form-control\" id=\"contact-message\" aria-required=\"true\" aria-invalid=\"false\" placeholder=\"Your Message\" name=\"your-message\"><\/textarea><\/span>\n        <\/div>\n    <\/div>\n    <div class=\"col-lg-12\">\n        <div class=\"form-group\">\n           <span class=\"wpcf7-form-control-wrap kc_captcha\" data-name=\"kc_captcha\"><span class=\"wpcf7-form-control wpcf7-radio\"><span class=\"captcha-image\" ><span class=\"cf7ic_instructions\">Please prove you are human by selecting the<span> tree<\/span>.<\/span><label><input aria-label=\"1\" type=\"radio\" name=\"kc_captcha\" value=\"bot\" \/><svg aria-hidden=\"true\" role=\"img\" xmlns=\"http:\/\/www.w3.org\/2000\/svg\" viewBox=\"0 0 576 512\"><path fill=\"currentColor\" d=\"M415 24c-53 0-103 42-127 65-24-23-74-65-127-65C70 24 16 77 16 166c0 72 67 133 69 135l187 181c9 8 23 8 32 0l187-180c2-3 69-64 69-136 0-89-54-142-145-142z\"\/><\/svg><\/label><label><input aria-label=\"2\" type=\"radio\" name=\"kc_captcha\" value=\"kc_human\" \/><svg aria-hidden=\"true\" role=\"img\" xmlns=\"http:\/\/www.w3.org\/2000\/svg\" viewBox=\"0 0 384 512\"><path fill=\"currentColor\" d=\"M377 375l-83-87h34c21 0 32-25 17-40l-82-88h33c21 0 32-25 18-40L210 8c-10-11-26-11-36 0L70 120c-14 15-3 40 18 40h33l-82 88c-15 15-4 40 17 40h34L7 375c-15 16-4 41 17 41h120c0 33-11 49-34 68-12 9-5 28 10 28h144c15 0 22-19 10-28-20-16-34-32-34-68h120c21 0 32-25 17-41z\"\/><\/svg><\/label><label><input aria-label=\"3\" type=\"radio\" name=\"kc_captcha\" value=\"bot\" \/><svg aria-hidden=\"true\" role=\"img\" xmlns=\"http:\/\/www.w3.org\/2000\/svg\" viewBox=\"0 0 576 512\"><path fill=\"currentColor\" d=\"M472 200H360L256 6a12 12 0 00-10-6h-58c-8 0-14 7-12 15l34 185H100l-35-58a12 12 0 00-10-6H12c-8 0-13 7-12 14l21 106L0 362c-1 7 4 14 12 14h43c4 0 8-2 10-6l35-58h110l-34 185c-2 8 4 15 12 15h58a12 12 0 0010-6l104-194h112c57 0 104-25 104-56s-47-56-104-56z\"\/><\/svg><\/label>\r\n    <\/span>\r\n    <span style=\"display:none\">\r\n        <input type=\"text\" name=\"kc_honeypot\">\r\n    <\/span><\/span><\/span>\n        <\/div>\n    <\/div>\n<div class=\"col-lg-12\">\n        <div class=\"form-group\">\n            <input class=\"wpcf7-form-control wpcf7-submit has-spinner btn btn-primary btn-lg\" type=\"submit\" value=\"Send\" \/>\n        <\/div>\n    <\/div>\n<\/div><div class=\"wpcf7-response-output\" aria-hidden=\"true\"><\/div>\n<\/form>\n<\/div>\n[\/vc_column][vc_column width=&#187;1\/2&#8243;][vc_gmaps link=&#187;#E-8_JTNDaWZyYW1lJTIwc3JjJTNEJTIyaHR0cHMlM0ElMkYlMkZ3d3cuZ29vZ2xlLmNvbSUyRm1hcHMlMkZlbWJlZCUzRnBiJTNEJTIxMW0xOCUyMTFtMTIlMjExbTMlMjExZDE1MDQuODg4MjUwNDU2MDIzNiUyMTJkMjguNjIxOTA3NTE3MjA0NDY2JTIxM2Q0MS4wMzAxNDU0MDQ0MzkzNyUyMTJtMyUyMTFmMCUyMTJmMCUyMTNmMCUyMTNtMiUyMTFpMTAyNCUyMTJpNzY4JTIxNGYxMy4xJTIxM20zJTIxMW0yJTIxMXMweDE0YjU1ZWUzY2VlMmZkOTUlMjUzQTB4N2U3NGU5NTA1NThiMjhkNSUyMTJ6dzRkaGEyMWhhMnpFc1N3Z1NHRmt4TEZ0YThPMmVTQlpiMngxSUVOa0lFNXZPakV6TENBek5EVXdNQ0JDdzd4NXc3eHJ3NmRsYTIxbFkyVXZ4TEJ6ZEdGdVluVnMlMjE1ZTAlMjEzbTIlMjExc3RyJTIxMnN0ciUyMTR2MTYxMDkxMTcyMDgzMyUyMTVtMiUyMTFzdHIlMjEyc3RyJTIyJTIwd2lkdGglM0QlMjI2MDAlMjIlMjBoZWlnaHQlM0QlMjI0NTAlMjIlMjBmcmFtZWJvcmRlciUzRCUyMjAlMjIlMjBzdHlsZSUzRCUyMmJvcmRlciUzQTAlM0IlMjIlMjBhbGxvd2Z1bGxzY3JlZW4lM0QlMjIlMjIlMjBhcmlhLWhpZGRlbiUzRCUyMmZhbHNlJTIyJTIwdGFiaW5kZXglM0QlMjIwJTIyJTNFJTNDJTJGaWZyYW1lJTNF&#187;][\/vc_column][\/vc_row][vc_row][vc_column width=&#187;1\/3&#8243;]<div class=\"porto-feature-box wpb_content_element  mb-0\"><div class=\"feature-box feature-box-primary feature-box-style-2\"><div class=\"feature-box-icon feature-box-icon-primary\"><i class=\"Simple-Line-Icons-screen-smartphone text-color-primary\" style=\"font-size:27px\"><\/i><\/div><div class=\"feature-box-info\">[vc_custom_heading text=&#187;\u041c\u043e\u0431\u0438\u043b\u044c\u043d\u044b\u0439&#187; font_container=&#187;tag:h4|text_align:left&#187; use_theme_fonts=&#187;yes&#187; el_class=&#187;m-b-sm font-weight-normal&#187;][vc_column_text el_class=&#187;font-size-lg&#187;]<a href=\"tel:+905400461977\">+90 540 046 19 77<\/a>[\/vc_column_text]<\/div><\/div><\/div>[\/vc_column][vc_column width=&#187;1\/3&#8243;]<div class=\"porto-feature-box wpb_content_element  mb-0\"><div class=\"feature-box feature-box-primary feature-box-style-2\"><div class=\"feature-box-icon feature-box-icon-primary\"><i class=\"Simple-Line-Icons-phone text-color-primary\" style=\"font-size:27px\"><\/i><\/div><div class=\"feature-box-info\">[vc_custom_heading text=&#187;\u0422\u0435\u043b\u0435\u0444\u043e\u043d&#187; font_container=&#187;tag:h4|text_align:left&#187; use_theme_fonts=&#187;yes&#187; el_class=&#187;m-b-sm font-weight-normal&#187;][vc_column_text el_class=&#187;font-size-lg&#187;]<a href=\"tel:+902125322226\">+90 212 532 22 26<\/a>[\/vc_column_text]<\/div><\/div><\/div>[\/vc_column][vc_column width=&#187;1\/3&#8243;]<div class=\"porto-feature-box wpb_content_element  mb-0\"><div class=\"feature-box feature-box-primary feature-box-style-2\"><div class=\"feature-box-icon feature-box-icon-primary\"><i class=\"Simple-Line-Icons-envelope text-color-primary\" style=\"font-size:27px\"><\/i><\/div><div class=\"feature-box-info\">[vc_custom_heading text=&#187;\u042d\u043b. \u043f\u043e\u0447\u0442\u0430&#187; font_container=&#187;tag:h4|font_size:20|text_align:left&#187; use_theme_fonts=&#187;yes&#187; el_class=&#187;m-b-sm font-weight-normal&#187;][vc_column_text el_class=&#187;font-size-lg&#187;]<\/p>\n<p class=\"font-size-lg\"><a class=\"text-decoration-none\" href=\"mailto:info@zabata.com.tr\">info@zabata.com.tr<\/a><\/p>\n<p>[\/vc_column_text]<\/div><\/div><\/div>[\/vc_column][\/vc_row][vc_row][vc_column][vc_text_separator title=&#187;\u041e\u0444\u0438\u0441\u044b \u0432 \u0422\u0443\u0440\u0446\u0438\u0438&#187;][\/vc_column][\/vc_row][vc_row][vc_column width=&#187;1\/2&#8243;]<div class=\"porto-feature-box wpb_content_element  mb-0\"><div class=\"feature-box feature-box-primary feature-box-style-2\"><div class=\"feature-box-icon feature-box-icon-primary\"><i class=\"Simple-Line-Icons-location-pin text-color-primary\" style=\"font-size:27px\"><\/i><\/div><div class=\"feature-box-info\">[vc_custom_heading text=&#187;\u0130stanbul&#187; font_container=&#187;tag:h4|text_align:left&#187; use_theme_fonts=&#187;yes&#187; el_class=&#187;m-b-sm font-weight-normal&#187;][vc_column_text el_class=&#187;font-size-lg&#187;]Atat\u00fcrk Mah. Had\u0131mk\u00f6y Yolu Cad.<\/p>\n<p>No: 10-13 Kat:2<\/p>\n<p>Esenyurt, \u0130stanbul &#8212; TURKEY[\/vc_column_text]<\/div><\/div><\/div><div class=\"porto-feature-box wpb_content_element  mb-0\"><div class=\"feature-box feature-box-primary feature-box-style-2\"><div class=\"feature-box-icon feature-box-icon-primary\"><i class=\"Simple-Line-Icons-location-pin text-color-primary\" style=\"font-size:27px\"><\/i><\/div><div class=\"feature-box-info\">[vc_custom_heading text=&#187;Ankara&#187; font_container=&#187;tag:h4|text_align:left&#187; use_theme_fonts=&#187;yes&#187; el_class=&#187;m-b-sm font-weight-normal&#187;][vc_column_text el_class=&#187;font-size-lg&#187;]Me\u015frutiyet Caddesi<\/p>\n<p>K\u00f6k \u00c7ar\u015f\u0131s\u0131 No: 44<\/p>\n<p>K\u0131z\u0131lay, Ankara &#8212; TURKEY<\/p>\n<p>[\/vc_column_text]<\/div><\/div><\/div>[\/vc_column][vc_column width=&#187;1\/2&#8243;]<div class=\"porto-feature-box wpb_content_element  mb-0\"><div class=\"feature-box feature-box-primary feature-box-style-2\"><div class=\"feature-box-icon feature-box-icon-primary\"><i class=\"Simple-Line-Icons-location-pin text-color-primary\" style=\"font-size:27px\"><\/i><\/div><div class=\"feature-box-info\">[vc_custom_heading text=&#187;\u0130zmir&#187; font_container=&#187;tag:h4|text_align:left&#187; use_theme_fonts=&#187;yes&#187; el_class=&#187;m-b-sm font-weight-normal&#187;][vc_column_text el_class=&#187;font-size-lg&#187;]Adalet Mahallesi<\/p>\n<p>Manas Bulvar\u0131 No:39<\/p>\n<p>Bayrakl\u0131-\u0130zmir\/ TURKEY[\/vc_column_text]<\/div><\/div><\/div><div class=\"porto-feature-box wpb_content_element  mb-0\"><div class=\"feature-box feature-box-primary feature-box-style-2\"><div class=\"feature-box-icon feature-box-icon-primary\"><i class=\"Simple-Line-Icons-location-pin text-color-primary\" style=\"font-size:27px\"><\/i><\/div><div class=\"feature-box-info\">[vc_custom_heading text=&#187;Antalya&#187; font_container=&#187;tag:h4|text_align:left&#187; use_theme_fonts=&#187;yes&#187; el_class=&#187;m-b-sm font-weight-normal&#187;][vc_column_text el_class=&#187;font-size-lg&#187;]Ha\u015fim \u0130\u015fcan Mah. Atat\u00fcrk Cd.<\/p>\n<p>1298 Atalay T\u00fcz\u00fcn Sok. No:1\/4<\/p>\n<p>Muratpa\u015fa, Antalya &#8212; TURKEY[\/vc_column_text]<\/div><\/div><\/div>[\/vc_column][\/vc_row][vc_row][vc_column][vc_text_separator title=&#187;\u0417\u0430\u0440\u0443\u0431\u0435\u0436\u043d\u044b\u0435 \u043e\u0444\u0438\u0441\u044b&#187;][\/vc_column][\/vc_row][vc_row][vc_column width=&#187;1\/2&#8243;]<div class=\"porto-feature-box wpb_content_element  mb-0\"><div class=\"feature-box feature-box-primary feature-box-style-2\"><div class=\"feature-box-icon feature-box-icon-primary\"><i class=\"Simple-Line-Icons-location-pin text-color-primary\" style=\"font-size:27px\"><\/i><\/div><div class=\"feature-box-info\">[vc_custom_heading text=&#187;\u0413\u0435\u0440\u043c\u0430\u043d\u0438\u044f&#187; font_container=&#187;tag:h4|text_align:left&#187; use_theme_fonts=&#187;yes&#187; el_class=&#187;m-b-sm font-weight-normal&#187;][vc_column_text el_class=&#187;font-size-lg&#187;]Weissenburgstrasse 31 45663<\/p>\n<p>Recklinghausen-Germany[\/vc_column_text]<\/div><\/div><\/div>[\/vc_column][vc_column width=&#187;1\/2&#8243;]<div class=\"porto-feature-box wpb_content_element  mb-0\"><div class=\"feature-box feature-box-primary feature-box-style-2\"><div class=\"feature-box-icon feature-box-icon-primary\"><i class=\"Simple-Line-Icons-location-pin text-color-primary\" style=\"font-size:27px\"><\/i><\/div><div class=\"feature-box-info\">[vc_custom_heading text=&#187;\u0410\u0432\u0441\u0442\u0440\u0438\u044f&#187; font_container=&#187;tag:h4|text_align:left&#187; use_theme_fonts=&#187;yes&#187; el_class=&#187;m-b-sm font-weight-normal&#187;][vc_column_text el_class=&#187;font-size-lg&#187;]Ettenreichgasse 1100<br \/>\nWien-Austria[\/vc_column_text]<\/div><\/div><\/div>[\/vc_column][\/vc_row][vc_row][vc_column width=&#187;1\/2&#8243;]<div class=\"porto-feature-box wpb_content_element  mb-0\"><div class=\"feature-box feature-box-primary feature-box-style-2\"><div class=\"feature-box-icon feature-box-icon-primary\"><i class=\"Simple-Line-Icons-location-pin text-color-primary\" style=\"font-size:27px\"><\/i><\/div><div class=\"feature-box-info\">[vc_custom_heading text=&#187;\u0423\u043a\u0440\u0430\u0438\u043d\u0430&#187; font_container=&#187;tag:h4|text_align:left&#187; use_theme_fonts=&#187;yes&#187; el_class=&#187;m-b-sm font-weight-normal&#187;][vc_column_text el_class=&#187;font-size-lg&#187;]Ulitsa Bunina 27\/2<\/p>\n<p>Odessa-Ukrainian[\/vc_column_text]<\/div><\/div><\/div>[\/vc_column][vc_column width=&#187;1\/2&#8243;]<div class=\"porto-feature-box wpb_content_element  mb-0\"><div class=\"feature-box feature-box-primary feature-box-style-2\"><div class=\"feature-box-icon feature-box-icon-primary\"><i class=\"Simple-Line-Icons-location-pin text-color-primary\" style=\"font-size:27px\"><\/i><\/div><div class=\"feature-box-info\">[vc_custom_heading text=&#187;Belarus&#187; font_container=&#187;tag:h4|text_align:left&#187; use_theme_fonts=&#187;yes&#187; el_class=&#187;m-b-sm font-weight-normal&#187;][vc_column_text el_class=&#187;font-size-lg&#187;]Zibitskaya St. No: 10<\/p>\n<p>Minsk-Belarus[\/vc_column_text]<\/div><\/div><\/div>[\/vc_column][\/vc_row]<\/p>\n<\/div>","protected":false},"excerpt":{"rendered":"<p>[vc_row][vc_column width=&#187;1\/2&#8243;][\/vc_column][vc_column width=&#187;1\/2&#8243;][vc_gmaps link=&#187;#E-8_JTNDaWZyYW1lJTIwc3JjJTNEJTIyaHR0cHMlM0ElMkYlMkZ3d3cuZ29vZ2xlLmNvbSUyRm1hcHMlMkZlbWJlZCUzRnBiJTNEJTIxMW0xOCUyMTFtMTIlMjExbTMlMjExZDE1MDQuODg4MjUwNDU2MDIzNiUyMTJkMjguNjIxOTA3NTE3MjA0NDY2JTIxM2Q0MS4wMzAxNDU0MDQ0MzkzNyUyMTJtMyUyMTFmMCUyMTJmMCUyMTNmMCUyMTNtMiUyMTFpMTAyNCUyMTJpNzY4JTIxNGYxMy4xJTIxM20zJTIxMW0yJTIxMXMweDE0YjU1ZWUzY2VlMmZkOTUlMjUzQTB4N2U3NGU5NTA1NThiMjhkNSUyMTJ6dzRkaGEyMWhhMnpFc1N3Z1NHRmt4TEZ0YThPMmVTQlpiMngxSUVOa0lFNXZPakV6TENBek5EVXdNQ0JDdzd4NXc3eHJ3NmRsYTIxbFkyVXZ4TEJ6ZEdGdVluVnMlMjE1ZTAlMjEzbTIlMjExc3RyJTIxMnN0ciUyMTR2MTYxMDkxMTcyMDgzMyUyMTVtMiUyMTFzdHIlMjEyc3RyJTIyJTIwd2lkdGglM0QlMjI2MDAlMjIlMjBoZWlnaHQlM0QlMjI0NTAlMjIlMjBmcmFtZWJvcmRlciUzRCUyMjAlMjIlMjBzdHlsZSUzRCUyMmJvcmRlciUzQTAlM0IlMjIlMjBhbGxvd2Z1bGxzY3JlZW4lM0QlMjIlMjIlMjBhcmlhLWhpZGRlbiUzRCUyMmZhbHNlJTIyJTIwdGFiaW5kZXglM0QlMjIwJTIyJTNFJTNDJTJGaWZyYW1lJTNF&#187;][\/vc_column][\/vc_row][vc_row][vc_column width=&#187;1\/3&#8243;][\/vc_column][vc_column width=&#187;1\/3&#8243;][\/vc_column][vc_column width=&#187;1\/3&#8243;][\/vc_column][\/vc_row][vc_row][vc_column][vc_text_separator title=&#187;\u041e\u0444\u0438\u0441\u044b \u0432 \u0422\u0443\u0440\u0446\u0438\u0438&#187;][\/vc_column][\/vc_row][vc_row][vc_column width=&#187;1\/2&#8243;][\/vc_column][vc_column width=&#187;1\/2&#8243;][\/vc_column][\/vc_row][vc_row][vc_column][vc_text_separator title=&#187;\u0417\u0430\u0440\u0443\u0431\u0435\u0436\u043d\u044b\u0435 \u043e\u0444\u0438\u0441\u044b&#187;][\/vc_column][\/vc_row][vc_row][vc_column width=&#187;1\/2&#8243;][\/vc_column][vc_column width=&#187;1\/2&#8243;][\/vc_column][\/vc_row][vc_row][vc_column width=&#187;1\/2&#8243;][\/vc_column][vc_column width=&#187;1\/2&#8243;][\/vc_column][\/vc_row]<\/p>\n","protected":false},"author":1,"featured_media":0,"parent":0,"menu_order":0,"comment_status":"closed","ping_status":"closed","template":"","meta":{"_joinchat":[],"footnotes":""},"class_list":["post-4932","page","type-page","status-publish","hentry"],"_links":{"self":[{"href":"https:\/\/zabata.com.tr\/ru\/wp-json\/wp\/v2\/pages\/4932","targetHints":{"allow":["GET"]}}],"collection":[{"href":"https:\/\/zabata.com.tr\/ru\/wp-json\/wp\/v2\/pages"}],"about":[{"href":"https:\/\/zabata.com.tr\/ru\/wp-json\/wp\/v2\/types\/page"}],"author":[{"embeddable":true,"href":"https:\/\/zabata.com.tr\/ru\/wp-json\/wp\/v2\/users\/1"}],"replies":[{"embeddable":true,"href":"https:\/\/zabata.com.tr\/ru\/wp-json\/wp\/v2\/comments?post=4932"}],"version-history":[{"count":0,"href":"https:\/\/zabata.com.tr\/ru\/wp-json\/wp\/v2\/pages\/4932\/revisions"}],"wp:attachment":[{"href":"https:\/\/zabata.com.tr\/ru\/wp-json\/wp\/v2\/media?parent=4932"}],"curies":[{"name":"wp","href":"https:\/\/api.w.org\/{rel}","templated":true}]}}