{"id":5030,"date":"2016-09-24T01:55:27","date_gmt":"2016-09-24T01:55:27","guid":{"rendered":"https:\/\/zabata.com.tr\/%d0%bd%d0%b0%d1%88%d0%b8-%d0%be%d1%84%d0%b8%d1%81%d1%8b\/"},"modified":"2021-03-09T03:01:53","modified_gmt":"2021-03-09T03:01:53","slug":"%d0%bd%d0%b0%d1%88%d0%b8-%d0%be%d1%84%d0%b8%d1%81%d1%8b","status":"publish","type":"page","link":"https:\/\/zabata.com.tr\/ru\/%d0%bd%d0%b0%d1%88%d0%b8-%d0%be%d1%84%d0%b8%d1%81%d1%8b\/","title":{"rendered":"\u041d\u0430\u0448\u0438 \u043e\u0444\u0438\u0441\u044b"},"content":{"rendered":"<div class=\"wpb-content-wrapper\"><p>[vc_row wrap_container=&#187;yes&#187; is_section=&#187;yes&#187; remove_margin_top=&#187;yes&#187; remove_margin_bottom=&#187;yes&#187; el_id=&#187;ofislerimiz&#187;][vc_column][vc_custom_heading text=&#187;\u041d\u0430\u0448\u0438 \u043e\u0444\u0438\u0441\u044b&#187; font_container=&#187;tag:h2|text_align:center&#187; use_theme_fonts=&#187;yes&#187; el_class=&#187;m-b-xs m-t-md&#187;][vc_column_text el_class=&#187;lead&#187; css=&#187;.vc_custom_1614992239065{padding-top: 10px !important;padding-bottom: 10px !important;}&#187;]<\/p>\n<p style=\"text-align: center;\">\u0421\u043e\u0442\u0440\u0443\u0434\u043d\u0438\u043a\u0438 \u043d\u0430\u0448\u0438\u0445 \u043e\u0444\u0438\u0441\u043e\u0432 \u0432 \u0421\u0442\u0430\u043c\u0431\u0443\u043b\u0435, \u0410\u043d\u043a\u0430\u0440\u0435 \u0438 \u0418\u0437\u043c\u0438\u0440\u0435 \u0440\u0430\u0431\u043e\u0442\u0430\u044e\u0442 \u0441\u043f\u043b\u043e\u0447\u0435\u043d\u043d\u043e\u0439 \u043a\u043e\u043c\u0430\u043d\u0434\u043e\u0439. \u0427\u0442\u043e \u0434\u0435\u0439\u0441\u0442\u0432\u0438\u0442\u0435\u043b\u044c\u043d\u043e \u043e\u0442\u043b\u0438\u0447\u0430\u0435\u0442 \u043d\u0430\u0441 \u043e\u0442 \u0434\u0440\u0443\u0433\u0438\u0445 \u043a\u043e\u043d\u0441\u0430\u043b\u0442\u0438\u043d\u0433\u043e\u0432\u044b\u0445 \u043a\u043e\u043c\u043f\u0430\u043d\u0438\u0439, \u0442\u0430\u043a \u044d\u0442\u043e \u0441\u043e\u0442\u0440\u0443\u0434\u043d\u0438\u043a\u0438 Zabata Consulting \u0438 \u043d\u0430\u0448\u0430 \u0443\u043d\u0438\u043a\u0430\u043b\u044c\u043d\u0430\u044f \u043a\u043e\u0440\u043f\u043e\u0440\u0430\u0442\u0438\u0432\u043d\u0430\u044f \u043a\u0443\u043b\u044c\u0442\u0443\u0440\u0430.<\/p>\n<p>[\/vc_column_text][\/vc_column][\/vc_row][vc_row][vc_column][vc_text_separator title=&#187;\u041e\u0444\u0438\u0441\u044b \u0432 \u0422\u0443\u0440\u0446\u0438\u0438&#187;][vc_row_inner][vc_column_inner width=&#187;1\/2&#8243;][vc_column_text]<\/p>\n<h2 style=\"text-align: center;\"><strong>\u0130stanbul<\/strong><\/h2>\n<p>[\/vc_column_text]<div class=\"porto-image-frame  thumb-info-custom\"><div class=\"thumb-info thumb-info-hide-wrapper-bg thumb-info-no-zoom thumb-info-side-image thumb-info-no-zoom thumb-info-centered-icons thumb-info-no-borders thumb-info-box-shadow\"><span class=\"thumb-info-side-image-wrapper\"><img decoding=\"async\" alt=\"\u0130stanbul Dan\u0131\u015fmanl\u0131k Hizmetleri\" src=\"\/\/zabata.com.tr\/wp-content\/uploads\/2021\/01\/istanbul-350x175-1.jpg\" class=\"img-responsive\" width=\"350\" height=\"175\"><\/span><div class=\"thumb-info-caption\"><div class=\"thumb-info-caption-text\"><p>Atat\u00fcrk Mah. Had\u0131mk\u00f6y Yolu Cad.<\/p>\n<p>No: 10-13 Kat:2<\/p>\n<p>Esenyurt, \u0130stanbul \u2013 TURKEY<\/p>\n<\/div><\/div><\/div><\/div>[\/vc_column_inner][vc_column_inner width=&#187;1\/2&#8243;][vc_column_text]<\/p>\n<h2 style=\"text-align: center;\"><strong>Ankara<\/strong><\/h2>\n<p>[\/vc_column_text]<div class=\"porto-image-frame  thumb-info-custom\"><div class=\"thumb-info thumb-info-hide-wrapper-bg thumb-info-no-zoom thumb-info-side-image thumb-info-no-zoom thumb-info-centered-icons thumb-info-no-borders thumb-info-box-shadow\"><span class=\"thumb-info-side-image-wrapper\"><img decoding=\"async\" alt=\"Ankara Dan\u0131\u015fmanl\u0131k Hizmetleri\" src=\"\/\/zabata.com.tr\/wp-content\/uploads\/2021\/01\/ankara-350x175-1.jpg\" class=\"img-responsive\" width=\"350\" height=\"175\"><\/span><div class=\"thumb-info-caption\"><div class=\"thumb-info-caption-text\"><p>Me\u015frutiyet Caddesi<\/p>\n<p>K\u00f6k \u00c7ar\u015f\u0131s\u0131 No: 44<\/p>\n<p>K\u0131z\u0131lay, Ankara \u2013 TURKEY<\/p>\n<\/div><\/div><\/div><\/div>[\/vc_column_inner][\/vc_row_inner][vc_row_inner][vc_column_inner width=&#187;1\/2&#8243;][vc_column_text]<\/p>\n<h2 style=\"text-align: center;\"><strong>Antalya<\/strong><\/h2>\n<p>[\/vc_column_text]<div class=\"porto-image-frame  thumb-info-custom\"><div class=\"thumb-info thumb-info-hide-wrapper-bg thumb-info-no-zoom thumb-info-side-image thumb-info-no-zoom thumb-info-centered-icons thumb-info-no-borders thumb-info-box-shadow\"><span class=\"thumb-info-side-image-wrapper\"><img decoding=\"async\" alt=\"antalya\" src=\"\/\/zabata.com.tr\/wp-content\/uploads\/2021\/03\/antalya.jpg\" class=\"img-responsive\" width=\"350\" height=\"175\"><\/span><div class=\"thumb-info-caption\"><div class=\"thumb-info-caption-text\"><p>Ha\u015fim \u0130\u015fcan Mah. Atat\u00fcrk Cd.<\/p>\n<p>1298 Atalay T\u00fcz\u00fcn Sok. No:1\/4<\/p>\n<p>Muratpa\u015fa, Antalya \u2013 TURKEY<\/p>\n<\/div><\/div><\/div><\/div>[\/vc_column_inner][vc_column_inner width=&#187;1\/2&#8243;][vc_column_text]<\/p>\n<h2 style=\"text-align: center;\"><strong>\u0130zmir<\/strong><\/h2>\n<p>[\/vc_column_text]<div class=\"porto-image-frame  thumb-info-custom\"><div class=\"thumb-info thumb-info-hide-wrapper-bg thumb-info-no-zoom thumb-info-side-image thumb-info-no-zoom thumb-info-centered-icons thumb-info-no-borders thumb-info-box-shadow\"><span class=\"thumb-info-side-image-wrapper\"><img decoding=\"async\" alt=\"\u0130zmir Dan\u0131\u015fmanl\u0131k Hizmetleri\" src=\"\/\/zabata.com.tr\/wp-content\/uploads\/2021\/01\/izmir-350x175-1.jpg\" class=\"img-responsive\" width=\"350\" height=\"175\"><\/span><div class=\"thumb-info-caption\"><div class=\"thumb-info-caption-text\"><p>Adalet Mahallesi<\/p>\n<p>Manas Bulvar\u0131 No:39<\/p>\n<p>Bayrakl\u0131-\u0130zmir\/ TURKEY<\/p>\n<\/div><\/div><\/div><\/div>[\/vc_column_inner][\/vc_row_inner][\/vc_column][\/vc_row][vc_row][vc_column][vc_text_separator title=&#187;\u0417\u0430\u0440\u0443\u0431\u0435\u0436\u043d\u044b\u0435 \u043e\u0444\u0438\u0441\u044b&#187;][vc_row_inner][vc_column_inner width=&#187;1\/2&#8243;][vc_column_text]<\/p>\n<h2 style=\"text-align: center;\"><strong>\u0413\u0435\u0440\u043c\u0430\u043d\u0438\u044f<\/strong><\/h2>\n<p>[\/vc_column_text]<div class=\"porto-image-frame  thumb-info-custom\"><div class=\"thumb-info thumb-info-hide-wrapper-bg thumb-info-no-zoom thumb-info-side-image thumb-info-no-zoom thumb-info-centered-icons thumb-info-no-borders thumb-info-box-shadow\"><span class=\"thumb-info-side-image-wrapper\"><img decoding=\"async\" alt=\"almanya\" src=\"\/\/zabata.com.tr\/wp-content\/uploads\/2021\/03\/almanya.jpg\" class=\"img-responsive\" width=\"350\" height=\"175\"><\/span><div class=\"thumb-info-caption\"><div class=\"thumb-info-caption-text\"><p>Weissenburgstrasse 31 45663<\/p>\n<p>Recklinghausen-Germany<\/p>\n<\/div><\/div><\/div><\/div>[\/vc_column_inner][vc_column_inner width=&#187;1\/2&#8243;][vc_column_text]<\/p>\n<h2 style=\"text-align: center;\"><strong>\u0410\u0432\u0441\u0442\u0440\u0438\u044f<\/strong><\/h2>\n<p>[\/vc_column_text]<div class=\"porto-image-frame  thumb-info-custom\"><div class=\"thumb-info thumb-info-hide-wrapper-bg thumb-info-no-zoom thumb-info-side-image thumb-info-no-zoom thumb-info-centered-icons thumb-info-no-borders thumb-info-box-shadow\"><span class=\"thumb-info-side-image-wrapper\"><img decoding=\"async\" alt=\"austria\" src=\"\/\/zabata.com.tr\/wp-content\/uploads\/2021\/03\/austria.jpg\" class=\"img-responsive\" width=\"350\" height=\"175\"><\/span><div class=\"thumb-info-caption\"><div class=\"thumb-info-caption-text\"><p>Ettenreichgasse 1100<\/p>\n<p>Wien-Austria<\/p>\n<\/div><\/div><\/div><\/div>[\/vc_column_inner][\/vc_row_inner][vc_row_inner][vc_column_inner width=&#187;1\/2&#8243;][vc_column_text]<\/p>\n<h2 style=\"text-align: center;\"><strong>\u0423\u043a\u0440\u0430\u0438\u043d\u0430<\/strong><\/h2>\n<p>[\/vc_column_text]<div class=\"porto-image-frame  thumb-info-custom\"><div class=\"thumb-info thumb-info-hide-wrapper-bg thumb-info-no-zoom thumb-info-side-image thumb-info-no-zoom thumb-info-centered-icons thumb-info-no-borders thumb-info-box-shadow\"><span class=\"thumb-info-side-image-wrapper\"><img decoding=\"async\" alt=\"ukraine\" src=\"\/\/zabata.com.tr\/wp-content\/uploads\/2021\/03\/ukraine.jpg\" class=\"img-responsive\" width=\"350\" height=\"175\"><\/span><div class=\"thumb-info-caption\"><div class=\"thumb-info-caption-text\"><p>Ulitsa Bunina 27\/2<\/p>\n<p>Odessa-Ukrainian<\/p>\n<\/div><\/div><\/div><\/div>[\/vc_column_inner][vc_column_inner width=&#187;1\/2&#8243;][vc_column_text]<\/p>\n<h2 style=\"text-align: center;\"><strong>Belarus<\/strong><\/h2>\n<p>[\/vc_column_text]<div class=\"porto-image-frame  thumb-info-custom\"><div class=\"thumb-info thumb-info-hide-wrapper-bg thumb-info-no-zoom thumb-info-side-image thumb-info-no-zoom thumb-info-centered-icons thumb-info-no-borders thumb-info-box-shadow\"><span class=\"thumb-info-side-image-wrapper\"><img decoding=\"async\" alt=\"belarus\" src=\"\/\/zabata.com.tr\/wp-content\/uploads\/2021\/03\/belarus.jpg\" class=\"img-responsive\" width=\"350\" height=\"175\"><\/span><div class=\"thumb-info-caption\"><div class=\"thumb-info-caption-text\"><p>Zibitskaya St. No: 10<\/p>\n<p>Minsk-Belarus<\/p>\n<\/div><\/div><\/div><\/div>[\/vc_column_inner][\/vc_row_inner][\/vc_column][\/vc_row]<\/p>\n<\/div>","protected":false},"excerpt":{"rendered":"<p>[vc_row wrap_container=&#187;yes&#187; is_section=&#187;yes&#187; remove_margin_top=&#187;yes&#187; remove_margin_bottom=&#187;yes&#187; el_id=&#187;ofislerimiz&#187;][vc_column][vc_custom_heading text=&#187;\u041d\u0430\u0448\u0438 \u043e\u0444\u0438\u0441\u044b&#187; font_container=&#187;tag:h2|text_align:center&#187; use_theme_fonts=&#187;yes&#187; el_class=&#187;m-b-xs m-t-md&#187;][vc_column_text el_class=&#187;lead&#187; css=&#187;.vc_custom_1614992239065{padding-top: 10px !important;padding-bottom: 10px !important;}&#187;] \u0421\u043e\u0442\u0440\u0443\u0434\u043d\u0438\u043a\u0438 \u043d\u0430\u0448\u0438\u0445 \u043e\u0444\u0438\u0441\u043e\u0432 \u0432 \u0421\u0442\u0430\u043c\u0431\u0443\u043b\u0435, \u0410\u043d\u043a\u0430\u0440\u0435 \u0438 \u0418\u0437\u043c\u0438\u0440\u0435 \u0440\u0430\u0431\u043e\u0442\u0430\u044e\u0442 \u0441\u043f\u043b\u043e\u0447\u0435\u043d\u043d\u043e\u0439 \u043a\u043e\u043c\u0430\u043d\u0434\u043e\u0439. \u0427\u0442\u043e \u0434\u0435\u0439\u0441\u0442\u0432\u0438\u0442\u0435\u043b\u044c\u043d\u043e \u043e\u0442\u043b\u0438\u0447\u0430\u0435\u0442 \u043d\u0430\u0441 \u043e\u0442 \u0434\u0440\u0443\u0433\u0438\u0445 \u043a\u043e\u043d\u0441\u0430\u043b\u0442\u0438\u043d\u0433\u043e\u0432\u044b\u0445 \u043a\u043e\u043c\u043f\u0430\u043d\u0438\u0439, \u0442\u0430\u043a \u044d\u0442\u043e \u0441\u043e\u0442\u0440\u0443\u0434\u043d\u0438\u043a\u0438 Zabata Consulting \u0438 \u043d\u0430\u0448\u0430 \u0443\u043d\u0438\u043a\u0430\u043b\u044c\u043d\u0430\u044f \u043a\u043e\u0440\u043f\u043e\u0440\u0430\u0442\u0438\u0432\u043d\u0430\u044f \u043a\u0443\u043b\u044c\u0442\u0443\u0440\u0430. [\/vc_column_text][\/vc_column][\/vc_row][vc_row][vc_column][vc_text_separator title=&#187;\u041e\u0444\u0438\u0441\u044b \u0432 \u0422\u0443\u0440\u0446\u0438\u0438&#187;][vc_row_inner][vc_column_inner width=&#187;1\/2&#8243;][vc_column_text] \u0130stanbul [\/vc_column_text][\/vc_column_inner][vc_column_inner width=&#187;1\/2&#8243;][vc_column_text] [&hellip;]<\/p>\n","protected":false},"author":1,"featured_media":0,"parent":0,"menu_order":0,"comment_status":"closed","ping_status":"closed","template":"","meta":{"_joinchat":[],"footnotes":""},"class_list":["post-5030","page","type-page","status-publish","hentry"],"_links":{"self":[{"href":"https:\/\/zabata.com.tr\/ru\/wp-json\/wp\/v2\/pages\/5030","targetHints":{"allow":["GET"]}}],"collection":[{"href":"https:\/\/zabata.com.tr\/ru\/wp-json\/wp\/v2\/pages"}],"about":[{"href":"https:\/\/zabata.com.tr\/ru\/wp-json\/wp\/v2\/types\/page"}],"author":[{"embeddable":true,"href":"https:\/\/zabata.com.tr\/ru\/wp-json\/wp\/v2\/users\/1"}],"replies":[{"embeddable":true,"href":"https:\/\/zabata.com.tr\/ru\/wp-json\/wp\/v2\/comments?post=5030"}],"version-history":[{"count":0,"href":"https:\/\/zabata.com.tr\/ru\/wp-json\/wp\/v2\/pages\/5030\/revisions"}],"wp:attachment":[{"href":"https:\/\/zabata.com.tr\/ru\/wp-json\/wp\/v2\/media?parent=5030"}],"curies":[{"name":"wp","href":"https:\/\/api.w.org\/{rel}","templated":true}]}}