{"id":145,"date":"2016-09-26T02:08:58","date_gmt":"2016-09-26T02:08:58","guid":{"rendered":"http:\/\/sw-themes.com\/porto_dummy\/?page_id=8"},"modified":"2021-02-11T20:58:22","modified_gmt":"2021-02-11T20:58:22","slug":"about-us","status":"publish","type":"page","link":"https:\/\/zabata.com.tr\/tr\/about-us\/","title":{"rendered":"About Us"},"content":{"rendered":"<div class=\"wpb-content-wrapper\"><p>[vc_row][vc_column text_align=&#8221;justify&#8221; offset=&#8221;vc_col-md-8&#8243;][vc_custom_heading text=&#8221;Zabata Dan\u0131\u015fmanl\u0131k Hizmetlerine Ho\u015f Geldiniz!&#8221; use_theme_fonts=&#8221;yes&#8221; el_class=&#8221;m-b-xs&#8221;][vc_column_text el_class=&#8221;lead&#8221;]Zabata Dan\u0131\u015fmanl\u0131k Hizmetleri olarak 20 y\u0131l\u0131 a\u015fk\u0131n s\u00fcredir T\u00fcrkiyenin en kapsaml\u0131 dan\u0131\u015fmanl\u0131k hizmetlerini sunmaktay\u0131z. Zabata Dan\u0131\u015fmanl\u0131k olarak kurum ve ki\u015filere kaliteli ve do\u011fru bir dan\u0131\u015fmanl\u0131k hizmeti sunuyoruz. Vizyoner bir bak\u0131\u015f a\u00e7\u0131s\u0131 ile kurum ve organizasyonlar\u0131n gelece\u011fe d\u00f6n\u00fck ad\u0131mlar\u0131n\u0131 do\u011fru analiz sentez tekniklerini kullanarak birlikte tan\u0131ml\u0131yor, uygulanabilir yol haritas\u0131 \u00e7\u0131kar\u0131yor, kilit projeleri tasarl\u0131yor, ba\u015far\u0131 \u00f6l\u00e7\u00fctlerini birlikte belirleyip, \u00f6l\u00e7\u00fcyoruz. \u00dclkenin \u00f6nde gelen sekt\u00f6rlerinin neredeyse bir \u00e7o\u011funda ilk \u00fc\u00e7 oyuncudan en az biri dahil olmak \u00fczere h\u0131rsl\u0131 orta \u00f6l\u00e7ekli oyunculardan sekt\u00f6r liderlerine kadar 100\u2019den fazla m\u00fc\u015fteriyle \u00e7al\u0131\u015ft\u0131k.[\/vc_column_text][vc_column_text]Zabata Dan\u0131\u015fmanl\u0131k Hizmetleri, b\u00fcnyesinde bulunan sekt\u00f6r\u00fcn en tecr\u00fcbeli avukatlar\u0131 sayesinde t\u00fcm hukuki konularda sizlere en iyi hizmeti sunuyoruz. Ekibimiz i\u00e7erisinde bulunan avukatlar\u0131m\u0131z konular\u0131n\u0131n en iyileridir. T\u00fcrkiye\u2019de \u0130stanbul ba\u015fta olmak \u00fczere \u0130zmir, Antalya, Mu\u011fla, Bursa, Ankara ve di\u011fer t\u00fcm illerde ihtiyac\u0131n\u0131z oldu\u011funda size en iyi avukatlar\u0131 buluyoruz.<\/p>\n<p>Ekibimiz i\u00e7erisinde bulunan tecr\u00fcbeli bak\u0131m personelimiz sayesinde t\u00fcm m\u00fc\u015fterilerimize \u0130stanbul, \u0130zmir, Ankara, Mu\u011fla, Antalya, Bursa ba\u015fta olmak \u00fczere t\u00fcm T\u00fcrkiye\u2019de en iyi bak\u0131c\u0131 hizmetlerini sunuyoruz.<\/p>\n<p>T\u00fcrkiye ba\u015fta olmak \u00fczere bir \u00e7ok \u00fclkede 20 y\u0131l\u0131 a\u015fk\u0131n s\u00fcredir vermi\u015f oldu\u011fumuz \u00f6zel g\u00fcvenlik hizmetleri sayesinde kazand\u0131\u011f\u0131m\u0131z tecr\u00fcbelerimizle \u00f6zel g\u00fcvenlik dan\u0131\u015fmanl\u0131\u011f\u0131 konusunda bir marka haline gelmi\u015f bulunmaktay\u0131z. T\u00fcm \u00f6zel g\u00fcvenlik ve fiziksel g\u00fcvenlik hizmetleri ve g\u00fcvenlik dan\u0131\u015fmanl\u0131\u011f\u0131 konusunda T\u00fcrkiye\u2019deki en iyi hizmetlerini sunuyoruz. G\u00fcvenlik dan\u0131\u015fmanl\u0131\u011f\u0131 konusunda arad\u0131\u011f\u0131n\u0131z hizmetler i\u00e7in T\u00fcrkiye\u2019deki tek adresiniz.<\/p>\n<p>[\/vc_column_text][\/vc_column][vc_column offset=&#8221;vc_col-md-4&#8243;]<div class=\"porto-carousel owl-carousel has-ccols has-ccols-spacing ccols-xl-1 ccols-lg-1 ccols-md-1 ccols-sm-1 ccols-1 wpb_custom_70a89e142ccf56dcd4c7bfc4b40db368 nav-inside\" data-plugin-options=\"{&quot;themeConfig&quot;:true,&quot;stagePadding&quot;:0,&quot;margin&quot;:10,&quot;autoplay&quot;:&quot;yes&quot;,&quot;mouseDrag&quot;:true,&quot;touchDrag&quot;:true,&quot;autoplayTimeout&quot;:3000,&quot;autoplayHoverPause&quot;:false,&quot;items&quot;:1,&quot;xl&quot;:1,&quot;lg&quot;:1,&quot;md&quot;:1,&quot;sm&quot;:1,&quot;xs&quot;:1,&quot;nav&quot;:false,&quot;dots&quot;:&quot;yes&quot;,&quot;animateIn&quot;:&quot;&quot;,&quot;animateOut&quot;:&quot;&quot;,&quot;loop&quot;:&quot;yes&quot;,&quot;center&quot;:false,&quot;video&quot;:false,&quot;lazyLoad&quot;:false,&quot;fullscreen&quot;:false}\">[vc_single_image image=&#8221;978&#8243; alignment=&#8221;center&#8221;][vc_single_image image=&#8221;979&#8243; alignment=&#8221;center&#8221;][vc_single_image image=&#8221;951&#8243; alignment=&#8221;center&#8221;]<\/div><div class=\"stats-block stats-top   wpb_custom_a517333ace5b1666c6af8bd4684f1de9\"><div class=\"stats-desc\"><div id=\"counter_200305921669e18ed59a8a2\" data-id=\"counter_200305921669e18ed59a8a2\" class=\"stats-number\" style=\" font-size:50px;color:#008fe2;\" data-speed=\"3\" data-counter-value=\"20\" data-separator=\",\" data-decimal=\".\">0<\/div><div class=\"stats-text\" style=\"font-size:20px;\">Years of Experience<\/div><\/div><\/div><div class=\"stats-block stats-top   wpb_custom_a517333ace5b1666c6af8bd4684f1de9\"><div class=\"stats-desc\"><div id=\"counter_145541481369e18ed59a923\" data-id=\"counter_145541481369e18ed59a923\" class=\"stats-number\" style=\" font-size:50px;color:#008fe2;\" data-speed=\"3\" data-counter-value=\"188\" data-separator=\",\" data-decimal=\".\">0<\/div><div class=\"stats-text\" style=\"font-size:20px;\">Project<\/div><\/div><\/div><div class=\"stats-block stats-top   wpb_custom_a517333ace5b1666c6af8bd4684f1de9\"><div class=\"stats-desc\"><div id=\"counter_65448887669e18ed59a990\" data-id=\"counter_65448887669e18ed59a990\" class=\"stats-number\" style=\" font-size:50px;color:#008fe2;\" data-speed=\"3\" data-counter-value=\"188\" data-separator=\",\" data-decimal=\".\">0<\/div><div class=\"stats-text\" style=\"font-size:20px;\">Happy Customers<\/div><\/div><\/div>[\/vc_column][\/vc_row][vc_row full_width=&#8221;stretch_row_content_no_spaces&#8221; wrap_container=&#8221;yes&#8221; is_section=&#8221;yes&#8221; remove_border=&#8221;yes&#8221; el_class=&#8221;m-b-n-xl m-t-xl&#8221;][vc_column width=&#8221;3\/4&#8243; el_class=&#8221;col-sm-9&#8243;][vc_custom_heading text=&#8221;&#8220;Zabata Consultancy serves to you with strategic solutions for your needs!&#8220;&#8221; font_container=&#8221;tag:h3|text_align:center&#8221; use_theme_fonts=&#8221;yes&#8221; el_class=&#8221;m-b-sm&#8221;][vc_custom_heading text=&#8221;Contact us to get detailed information.&#8221; font_container=&#8221;tag:p|font_size:17|text_align:center&#8221; use_theme_fonts=&#8221;yes&#8221;][\/vc_column][vc_column width=&#8221;1\/4&#8243; el_class=&#8221;col-sm-3&#8243;][vc_btn title=&#8221;Contact Us&#8221; style=&#8221;flat&#8221; shape=&#8221;square&#8221; size=&#8221;lg&#8221; align=&#8221;center&#8221; skin=&#8221;primary&#8221; link=&#8221;url:http%3A%2F%2Fzabata.com.tr%2Fcontact%2F|title:Contact%20Us&#8221; el_class=&#8221;m-t-sm&#8221;][\/vc_column][\/vc_row]<\/p>\n<\/div>","protected":false},"excerpt":{"rendered":"<p>[vc_row][vc_column text_align=&#8221;justify&#8221; offset=&#8221;vc_col-md-8&#8243;][vc_custom_heading text=&#8221;Zabata Dan\u0131\u015fmanl\u0131k Hizmetlerine Ho\u015f Geldiniz!&#8221; use_theme_fonts=&#8221;yes&#8221; el_class=&#8221;m-b-xs&#8221;][vc_column_text el_class=&#8221;lead&#8221;]Zabata Dan\u0131\u015fmanl\u0131k Hizmetleri olarak 20 y\u0131l\u0131 a\u015fk\u0131n s\u00fcredir T\u00fcrkiyenin en kapsaml\u0131 dan\u0131\u015fmanl\u0131k hizmetlerini sunmaktay\u0131z. Zabata Dan\u0131\u015fmanl\u0131k olarak kurum ve ki\u015filere kaliteli ve do\u011fru bir dan\u0131\u015fmanl\u0131k hizmeti sunuyoruz. Vizyoner bir bak\u0131\u015f a\u00e7\u0131s\u0131 ile kurum ve organizasyonlar\u0131n gelece\u011fe d\u00f6n\u00fck ad\u0131mlar\u0131n\u0131 do\u011fru analiz sentez tekniklerini kullanarak birlikte tan\u0131ml\u0131yor, [&hellip;]<\/p>\n","protected":false},"author":1,"featured_media":0,"parent":0,"menu_order":0,"comment_status":"closed","ping_status":"closed","template":"","meta":{"_joinchat":[],"footnotes":""},"class_list":["post-145","page","type-page","status-publish","hentry"],"_links":{"self":[{"href":"https:\/\/zabata.com.tr\/tr\/wp-json\/wp\/v2\/pages\/145","targetHints":{"allow":["GET"]}}],"collection":[{"href":"https:\/\/zabata.com.tr\/tr\/wp-json\/wp\/v2\/pages"}],"about":[{"href":"https:\/\/zabata.com.tr\/tr\/wp-json\/wp\/v2\/types\/page"}],"author":[{"embeddable":true,"href":"https:\/\/zabata.com.tr\/tr\/wp-json\/wp\/v2\/users\/1"}],"replies":[{"embeddable":true,"href":"https:\/\/zabata.com.tr\/tr\/wp-json\/wp\/v2\/comments?post=145"}],"version-history":[{"count":0,"href":"https:\/\/zabata.com.tr\/tr\/wp-json\/wp\/v2\/pages\/145\/revisions"}],"wp:attachment":[{"href":"https:\/\/zabata.com.tr\/tr\/wp-json\/wp\/v2\/media?parent=145"}],"curies":[{"name":"wp","href":"https:\/\/api.w.org\/{rel}","templated":true}]}}