{"id":950,"date":"2021-01-14T23:02:15","date_gmt":"2021-01-14T23:02:15","guid":{"rendered":"https:\/\/zabata.com.tr\/?page_id=950"},"modified":"2021-01-18T00:09:42","modified_gmt":"2021-01-18T00:09:42","slug":"istanbul","status":"publish","type":"page","link":"https:\/\/zabata.com.tr\/tr\/istanbul\/","title":{"rendered":"\u0130stanbul Office"},"content":{"rendered":"<div class=\"wpb-content-wrapper\"><p>[vc_row no_padding=&#8221;yes&#8221; css=&#8221;.vc_custom_1560124334241{background-color: #f7f7f7 !important;}&#8221;][vc_column parallax=&#8221;content-moving&#8221; parallax_image=&#8221;951&#8243; parallax_speed_bg=&#8221;2&#8243; width=&#8221;1\/2&#8243; css=&#8221;.vc_custom_1560184470799{padding-top: 150px !important;padding-bottom: 150px !important;}&#8221;][\/vc_column][vc_column width=&#8221;1\/2&#8243; text_align=&#8221;justify&#8221; css=&#8221;.vc_custom_1610668909306{padding-top: 90px !important;padding-right: 10px !important;padding-bottom: 60px !important;}&#8221; el_class=&#8221;col-half-section pl-3 pr-3 pl-md-5 pr-md-0&#8243;]<div class=\"porto-u-heading mb-1  wpb_custom_95aa9a11c17ad45cfabaf210d84ee7cc porto-u-ad87e2eaf3f9c495180fe0156ddf3eb0 \" data-appear-animation=\"fadeInUp\"><div class=\"porto-u-main-heading\"><h4   style=\"font-weight:700;\">Benzersiz Kurum K\u00fclt\u00fcr\u00fc<\/h4><\/div><style>.porto-u-ad87e2eaf3f9c495180fe0156ddf3eb0.porto-u-heading{text-align:left}<\/style><\/div>[vc_column_text css_animation=&#8221;fadeInUp&#8221; el_class=&#8221;font-size-sm&#8221;]Zabata Dan\u0131\u015fmanl\u0131k \u00e7al\u0131\u015fanlar\u0131 edinmi\u015f olduklar\u0131 kurum k\u00fclt\u00fcr\u00fcn\u00fc t\u00fcm \u00e7al\u0131\u015fmalar\u0131na aktarmaktad\u0131r.[\/vc_column_text][\/vc_column][\/vc_row][vc_row no_padding=&#8221;yes&#8221; text_align=&#8221;justify&#8221; css=&#8221;.vc_custom_1610668838524{background-color: #f7f7f7 !important;}&#8221;][vc_column parallax=&#8221;content-moving&#8221; parallax_image=&#8221;952&#8243; parallax_speed_bg=&#8221;2&#8243; width=&#8221;1\/2&#8243; css=&#8221;.vc_custom_1560184480845{padding-top: 150px !important;padding-bottom: 150px !important;}&#8221; el_class=&#8221;order-md-2&#8243;][\/vc_column][vc_column width=&#8221;1\/2&#8243; css=&#8221;.vc_custom_1543849756478{padding-top: 90px !important;padding-bottom: 60px !important;}&#8221;][vc_row_inner el_class=&#8221;col-half-section col-half-section-right no-padding&#8221; css=&#8221;.vc_custom_1610669356502{padding-right: 10px !important;padding-left: 10px !important;}&#8221;][vc_column_inner]<div class=\"porto-u-heading mb-1  wpb_custom_95aa9a11c17ad45cfabaf210d84ee7cc porto-u-ad87e2eaf3f9c495180fe0156ddf3eb0 \" data-appear-animation=\"maskUp\"><div class=\"porto-u-main-heading\"><h4   style=\"font-weight:700;\">Kaliteli Hizmet Anlay\u0131\u015f\u0131<\/h4><\/div><style>.porto-u-ad87e2eaf3f9c495180fe0156ddf3eb0.porto-u-heading{text-align:left}<\/style><\/div>[vc_column_text css_animation=&#8221;fadeInUp&#8221; el_class=&#8221;font-size-sm&#8221;]M\u00fc\u015fteri odakl\u0131 \u00e7al\u0131\u015fma prensiplerimiz ile t\u00fcm m\u00fc\u015fterilerimize kaliteli bir dan\u0131\u015fmanl\u0131k hizmeti sunuyoruz.[\/vc_column_text][\/vc_column_inner][\/vc_row_inner][\/vc_column][\/vc_row][vc_row no_padding=&#8221;yes&#8221; text_align=&#8221;justify&#8221; css=&#8221;.vc_custom_1610669066330{background-color: #f7f7f7 !important;}&#8221;][vc_column parallax=&#8221;content-moving&#8221; parallax_image=&#8221;953&#8243; parallax_speed_bg=&#8221;2&#8243; width=&#8221;1\/2&#8243; css=&#8221;.vc_custom_1560184493556{padding-top: 150px !important;padding-bottom: 150px !important;}&#8221;][\/vc_column][vc_column width=&#8221;1\/2&#8243; css=&#8221;.vc_custom_1610668921458{padding-top: 90px !important;padding-right: 10px !important;padding-bottom: 60px !important;}&#8221; el_class=&#8221;col-half-section pl-3 pr-3 pl-md-5 pr-md-0&#8243;]<div class=\"porto-u-heading mb-1  wpb_custom_95aa9a11c17ad45cfabaf210d84ee7cc porto-u-ad87e2eaf3f9c495180fe0156ddf3eb0 \" data-appear-animation=\"maskUp\"><div class=\"porto-u-main-heading\"><h4   style=\"font-weight:700;\">Do\u011fru Dan\u0131\u015fmanl\u0131k Hizmeti<\/h4><\/div><style>.porto-u-ad87e2eaf3f9c495180fe0156ddf3eb0.porto-u-heading{text-align:left}<\/style><\/div>[vc_column_text css_animation=&#8221;fadeInUp&#8221; el_class=&#8221;font-size-sm&#8221;]Kaliteli ve Do\u011fru bir dan\u0131\u015fmanl\u0131k hizmeti almak i\u00e7in se\u00e7iminiz Zabata Dan\u0131\u015fmanl\u0131k olmal\u0131d\u0131r.[\/vc_column_text][\/vc_column][\/vc_row]<\/p>\n<\/div>","protected":false},"excerpt":{"rendered":"<p>[vc_row no_padding=&#8221;yes&#8221; css=&#8221;.vc_custom_1560124334241{background-color: #f7f7f7 !important;}&#8221;][vc_column parallax=&#8221;content-moving&#8221; parallax_image=&#8221;951&#8243; parallax_speed_bg=&#8221;2&#8243; width=&#8221;1\/2&#8243; css=&#8221;.vc_custom_1560184470799{padding-top: 150px !important;padding-bottom: 150px !important;}&#8221;][\/vc_column][vc_column width=&#8221;1\/2&#8243; text_align=&#8221;justify&#8221; css=&#8221;.vc_custom_1610668909306{padding-top: 90px !important;padding-right: 10px !important;padding-bottom: 60px !important;}&#8221; el_class=&#8221;col-half-section pl-3 pr-3 pl-md-5 pr-md-0&#8243;][vc_column_text css_animation=&#8221;fadeInUp&#8221; el_class=&#8221;font-size-sm&#8221;]Zabata Dan\u0131\u015fmanl\u0131k \u00e7al\u0131\u015fanlar\u0131 edinmi\u015f olduklar\u0131 kurum k\u00fclt\u00fcr\u00fcn\u00fc t\u00fcm \u00e7al\u0131\u015fmalar\u0131na aktarmaktad\u0131r.[\/vc_column_text][\/vc_column][\/vc_row][vc_row no_padding=&#8221;yes&#8221; text_align=&#8221;justify&#8221; css=&#8221;.vc_custom_1610668838524{background-color: #f7f7f7 !important;}&#8221;][vc_column parallax=&#8221;content-moving&#8221; parallax_image=&#8221;952&#8243; parallax_speed_bg=&#8221;2&#8243; width=&#8221;1\/2&#8243; css=&#8221;.vc_custom_1560184480845{padding-top: 150px !important;padding-bottom: 150px !important;}&#8221; el_class=&#8221;order-md-2&#8243;][\/vc_column][vc_column width=&#8221;1\/2&#8243; [&hellip;]<\/p>\n","protected":false},"author":1,"featured_media":0,"parent":0,"menu_order":0,"comment_status":"closed","ping_status":"closed","template":"","meta":{"_joinchat":[],"footnotes":""},"class_list":["post-950","page","type-page","status-publish","hentry"],"_links":{"self":[{"href":"https:\/\/zabata.com.tr\/tr\/wp-json\/wp\/v2\/pages\/950","targetHints":{"allow":["GET"]}}],"collection":[{"href":"https:\/\/zabata.com.tr\/tr\/wp-json\/wp\/v2\/pages"}],"about":[{"href":"https:\/\/zabata.com.tr\/tr\/wp-json\/wp\/v2\/types\/page"}],"author":[{"embeddable":true,"href":"https:\/\/zabata.com.tr\/tr\/wp-json\/wp\/v2\/users\/1"}],"replies":[{"embeddable":true,"href":"https:\/\/zabata.com.tr\/tr\/wp-json\/wp\/v2\/comments?post=950"}],"version-history":[{"count":0,"href":"https:\/\/zabata.com.tr\/tr\/wp-json\/wp\/v2\/pages\/950\/revisions"}],"wp:attachment":[{"href":"https:\/\/zabata.com.tr\/tr\/wp-json\/wp\/v2\/media?parent=950"}],"curies":[{"name":"wp","href":"https:\/\/api.w.org\/{rel}","templated":true}]}}