{"id":958,"date":"2021-01-14T23:06:12","date_gmt":"2021-01-14T23:06:12","guid":{"rendered":"https:\/\/zabata.com.tr\/?page_id=958"},"modified":"2021-01-18T00:01:05","modified_gmt":"2021-01-18T00:01:05","slug":"ankara","status":"publish","type":"page","link":"https:\/\/zabata.com.tr\/tr\/ankara\/","title":{"rendered":"Ankara Office"},"content":{"rendered":"<div class=\"wpb-content-wrapper\"><p>[vc_row no_padding=&#8221;yes&#8221; text_align=&#8221;justify&#8221; css=&#8221;.vc_custom_1610670394848{background-color: #f7f7f7 !important;}&#8221;][vc_column parallax=&#8221;content-moving&#8221; parallax_image=&#8221;977&#8243; parallax_speed_bg=&#8221;2&#8243; width=&#8221;1\/2&#8243; css=&#8221;.vc_custom_1610671150412{padding-top: 150px !important;padding-bottom: 150px !important;}&#8221;][\/vc_column][vc_column width=&#8221;1\/2&#8243; css=&#8221;.vc_custom_1610670178390{padding-top: 90px !important;padding-right: 10px !important;padding-bottom: 60px !important;}&#8221; el_class=&#8221;col-half-section pl-3 pr-3 pl-md-5 pr-md-0&#8243;]<div class=\"porto-u-heading mb-1  wpb_custom_95aa9a11c17ad45cfabaf210d84ee7cc porto-u-ad87e2eaf3f9c495180fe0156ddf3eb0 \" data-appear-animation=\"fadeInUp\"><div class=\"porto-u-main-heading\"><h4   style=\"font-weight:700;\">Analitik Bak\u0131\u015f A\u00e7\u0131s\u0131<\/h4><\/div><style>.porto-u-ad87e2eaf3f9c495180fe0156ddf3eb0.porto-u-heading{text-align:left}<\/style><\/div>[vc_column_text css_animation=&#8221;fadeInUp&#8221; el_class=&#8221;font-size-sm&#8221;]M\u00fc\u015fteri ihtiya\u00e7lar\u0131n\u0131 analitik bir bak\u0131\u015f a\u00e7\u0131\u015f\u0131yla de\u011ferlendirerek en do\u011fru hizmeti sunuyoruz.[\/vc_column_text][\/vc_column][\/vc_row][vc_row no_padding=&#8221;yes&#8221; text_align=&#8221;justify&#8221; css=&#8221;.vc_custom_1610670388247{background-color: #f7f7f7 !important;}&#8221;][vc_column parallax=&#8221;content-moving&#8221; parallax_image=&#8221;978&#8243; parallax_speed_bg=&#8221;2&#8243; width=&#8221;1\/2&#8243; css=&#8221;.vc_custom_1610671178324{padding-top: 150px !important;padding-bottom: 150px !important;}&#8221; el_class=&#8221;order-md-2&#8243;][\/vc_column][vc_column width=&#8221;1\/2&#8243; css=&#8221;.vc_custom_1543849756478{padding-top: 90px !important;padding-bottom: 60px !important;}&#8221;][vc_row_inner el_class=&#8221;col-half-section col-half-section-right no-padding&#8221; css=&#8221;.vc_custom_1610670187107{padding-right: 10px !important;padding-left: 10px !important;}&#8221;][vc_column_inner]<div class=\"porto-u-heading mb-1  wpb_custom_95aa9a11c17ad45cfabaf210d84ee7cc porto-u-ad87e2eaf3f9c495180fe0156ddf3eb0 \" data-appear-animation=\"maskUp\"><div class=\"porto-u-main-heading\"><h4   style=\"font-weight:700;\">Dinamik Ekip \u00c7al\u0131\u015fmas\u0131<\/h4><\/div><style>.porto-u-ad87e2eaf3f9c495180fe0156ddf3eb0.porto-u-heading{text-align:left}<\/style><\/div>[vc_column_text css_animation=&#8221;fadeInUp&#8221; el_class=&#8221;font-size-sm&#8221;]M\u00fc\u015fterimizle dinamik bir ekip ruhu olu\u015fturarak t\u00fcm ihtiya\u00e7lar\u0131na \u00e7\u00f6z\u00fcm \u00fcretiyoruz.[\/vc_column_text][\/vc_column_inner][\/vc_row_inner][\/vc_column][\/vc_row][vc_row no_padding=&#8221;yes&#8221; text_align=&#8221;justify&#8221; css=&#8221;.vc_custom_1610670379520{background-color: #f7f7f7 !important;}&#8221;][vc_column parallax=&#8221;content-moving&#8221; parallax_image=&#8221;979&#8243; parallax_speed_bg=&#8221;2&#8243; width=&#8221;1\/2&#8243; css=&#8221;.vc_custom_1610671208315{padding-top: 150px !important;padding-bottom: 150px !important;}&#8221;][\/vc_column][vc_column width=&#8221;1\/2&#8243; css=&#8221;.vc_custom_1610670200662{padding-top: 90px !important;padding-right: 10px !important;padding-bottom: 60px !important;}&#8221; el_class=&#8221;col-half-section pl-3 pr-3 pl-md-5 pr-md-0&#8243;]<div class=\"porto-u-heading mb-1  wpb_custom_95aa9a11c17ad45cfabaf210d84ee7cc porto-u-ad87e2eaf3f9c495180fe0156ddf3eb0 \" data-appear-animation=\"maskUp\"><div class=\"porto-u-main-heading\"><h4   style=\"font-weight:700;\">Evrensel Vizyon<\/h4><\/div><style>.porto-u-ad87e2eaf3f9c495180fe0156ddf3eb0.porto-u-heading{text-align:left}<\/style><\/div>[vc_column_text css_animation=&#8221;fadeInUp&#8221; el_class=&#8221;font-size-sm&#8221;]Yurti\u00e7i ve yurtd\u0131\u015f\u0131 operasyonlarda edinmi\u015f oldu\u011fumuz tecr\u00fcbeler sayesinde vizyoner \u00e7\u00f6z\u00fcmler \u00fcretiyoruz.[\/vc_column_text][\/vc_column][\/vc_row]<\/p>\n<\/div>","protected":false},"excerpt":{"rendered":"<p>[vc_row no_padding=&#8221;yes&#8221; text_align=&#8221;justify&#8221; css=&#8221;.vc_custom_1610670394848{background-color: #f7f7f7 !important;}&#8221;][vc_column parallax=&#8221;content-moving&#8221; parallax_image=&#8221;977&#8243; parallax_speed_bg=&#8221;2&#8243; width=&#8221;1\/2&#8243; css=&#8221;.vc_custom_1610671150412{padding-top: 150px !important;padding-bottom: 150px !important;}&#8221;][\/vc_column][vc_column width=&#8221;1\/2&#8243; css=&#8221;.vc_custom_1610670178390{padding-top: 90px !important;padding-right: 10px !important;padding-bottom: 60px !important;}&#8221; el_class=&#8221;col-half-section pl-3 pr-3 pl-md-5 pr-md-0&#8243;][vc_column_text css_animation=&#8221;fadeInUp&#8221; el_class=&#8221;font-size-sm&#8221;]M\u00fc\u015fteri ihtiya\u00e7lar\u0131n\u0131 analitik bir bak\u0131\u015f a\u00e7\u0131\u015f\u0131yla de\u011ferlendirerek en do\u011fru hizmeti sunuyoruz.[\/vc_column_text][\/vc_column][\/vc_row][vc_row no_padding=&#8221;yes&#8221; text_align=&#8221;justify&#8221; css=&#8221;.vc_custom_1610670388247{background-color: #f7f7f7 !important;}&#8221;][vc_column parallax=&#8221;content-moving&#8221; parallax_image=&#8221;978&#8243; parallax_speed_bg=&#8221;2&#8243; width=&#8221;1\/2&#8243; css=&#8221;.vc_custom_1610671178324{padding-top: 150px !important;padding-bottom: 150px !important;}&#8221; el_class=&#8221;order-md-2&#8243;][\/vc_column][vc_column [&hellip;]<\/p>\n","protected":false},"author":1,"featured_media":0,"parent":0,"menu_order":0,"comment_status":"closed","ping_status":"closed","template":"","meta":{"_joinchat":[],"footnotes":""},"class_list":["post-958","page","type-page","status-publish","hentry"],"_links":{"self":[{"href":"https:\/\/zabata.com.tr\/tr\/wp-json\/wp\/v2\/pages\/958","targetHints":{"allow":["GET"]}}],"collection":[{"href":"https:\/\/zabata.com.tr\/tr\/wp-json\/wp\/v2\/pages"}],"about":[{"href":"https:\/\/zabata.com.tr\/tr\/wp-json\/wp\/v2\/types\/page"}],"author":[{"embeddable":true,"href":"https:\/\/zabata.com.tr\/tr\/wp-json\/wp\/v2\/users\/1"}],"replies":[{"embeddable":true,"href":"https:\/\/zabata.com.tr\/tr\/wp-json\/wp\/v2\/comments?post=958"}],"version-history":[{"count":0,"href":"https:\/\/zabata.com.tr\/tr\/wp-json\/wp\/v2\/pages\/958\/revisions"}],"wp:attachment":[{"href":"https:\/\/zabata.com.tr\/tr\/wp-json\/wp\/v2\/media?parent=958"}],"curies":[{"name":"wp","href":"https:\/\/api.w.org\/{rel}","templated":true}]}}