{"id":960,"date":"2021-01-14T23:07:09","date_gmt":"2021-01-14T23:07:09","guid":{"rendered":"https:\/\/zabata.com.tr\/?page_id=960"},"modified":"2021-01-18T00:09:29","modified_gmt":"2021-01-18T00:09:29","slug":"izmir","status":"publish","type":"page","link":"https:\/\/zabata.com.tr\/tr\/izmir\/","title":{"rendered":"\u0130zmir Office"},"content":{"rendered":"<div class=\"wpb-content-wrapper\"><p>[vc_row no_padding=&#8221;yes&#8221; text_align=&#8221;justify&#8221; css=&#8221;.vc_custom_1610669233817{background-color: #f7f7f7 !important;}&#8221;][vc_column parallax=&#8221;content-moving&#8221; parallax_image=&#8221;981&#8243; parallax_speed_bg=&#8221;2&#8243; width=&#8221;1\/2&#8243; css=&#8221;.vc_custom_1610671279294{padding-top: 150px !important;padding-bottom: 150px !important;}&#8221;][\/vc_column][vc_column width=&#8221;1\/2&#8243; css=&#8221;.vc_custom_1610669201137{padding-top: 90px !important;padding-right: 10px !important;padding-bottom: 60px !important;}&#8221; el_class=&#8221;col-half-section pl-3 pr-3 pl-md-5 pr-md-0&#8243;]<div class=\"porto-u-heading mb-1  wpb_custom_95aa9a11c17ad45cfabaf210d84ee7cc porto-u-ad87e2eaf3f9c495180fe0156ddf3eb0 \" data-appear-animation=\"fadeInUp\"><div class=\"porto-u-main-heading\"><h4   style=\"font-weight:700;\">Stratejik Yakla\u015f\u0131m<\/h4><\/div><style>.porto-u-ad87e2eaf3f9c495180fe0156ddf3eb0.porto-u-heading{text-align:left}<\/style><\/div>[vc_column_text css_animation=&#8221;fadeInUp&#8221; el_class=&#8221;font-size-sm&#8221;]Hizmet almak istedi\u011finiz alanla ilgili detayl\u0131 analiz yap\u0131larak stratejik planlamalar yap\u0131yoruz.[\/vc_column_text][\/vc_column][\/vc_row][vc_row no_padding=&#8221;yes&#8221; text_align=&#8221;justify&#8221; css=&#8221;.vc_custom_1610669242521{background-color: #f7f7f7 !important;}&#8221;][vc_column parallax=&#8221;content-moving&#8221; parallax_image=&#8221;980&#8243; parallax_speed_bg=&#8221;2&#8243; width=&#8221;1\/2&#8243; css=&#8221;.vc_custom_1610671307323{padding-top: 150px !important;padding-bottom: 150px !important;}&#8221; el_class=&#8221;order-md-2&#8243;][\/vc_column][vc_column width=&#8221;1\/2&#8243; css=&#8221;.vc_custom_1543849756478{padding-top: 90px !important;padding-bottom: 60px !important;}&#8221;][vc_row_inner el_class=&#8221;col-half-section col-half-section-right no-padding&#8221; css=&#8221;.vc_custom_1610669384639{padding-right: 10px !important;padding-left: 10px !important;}&#8221;][vc_column_inner]<div class=\"porto-u-heading mb-1  wpb_custom_95aa9a11c17ad45cfabaf210d84ee7cc porto-u-ad87e2eaf3f9c495180fe0156ddf3eb0 \" data-appear-animation=\"maskUp\"><div class=\"porto-u-main-heading\"><h4   style=\"font-weight:700;\">M\u00fc\u015fteriye \u00d6zel \u00c7\u00f6z\u00fcmler<\/h4><\/div><style>.porto-u-ad87e2eaf3f9c495180fe0156ddf3eb0.porto-u-heading{text-align:left}<\/style><\/div>[vc_column_text css_animation=&#8221;fadeInUp&#8221; el_class=&#8221;font-size-sm&#8221;]Sizlerin ihtiyac\u0131n\u0131z\u0131 en ince detay\u0131na kadar dinleyerek sizlere \u00f6zel \u00e7\u00f6z\u00fcmler \u00fcretiyoruz.[\/vc_column_text][\/vc_column_inner][\/vc_row_inner][\/vc_column][\/vc_row][vc_row no_padding=&#8221;yes&#8221; text_align=&#8221;justify&#8221; css=&#8221;.vc_custom_1610669250522{background-color: #f7f7f7 !important;}&#8221;][vc_column parallax=&#8221;content-moving&#8221; parallax_image=&#8221;982&#8243; parallax_speed_bg=&#8221;2&#8243; width=&#8221;1\/2&#8243; css=&#8221;.vc_custom_1610671332470{padding-top: 150px !important;padding-bottom: 150px !important;}&#8221;][\/vc_column][vc_column width=&#8221;1\/2&#8243; css=&#8221;.vc_custom_1610669190602{padding-top: 90px !important;padding-right: 10px !important;padding-bottom: 60px !important;}&#8221; el_class=&#8221;col-half-section pl-3 pr-3 pl-md-5 pr-md-0&#8243;]<div class=\"porto-u-heading mb-1  wpb_custom_95aa9a11c17ad45cfabaf210d84ee7cc porto-u-ad87e2eaf3f9c495180fe0156ddf3eb0 \" data-appear-animation=\"maskUp\"><div class=\"porto-u-main-heading\"><h4   style=\"font-weight:700;\">Uyumlu \u00c7al\u0131\u015fma<\/h4><\/div><style>.porto-u-ad87e2eaf3f9c495180fe0156ddf3eb0.porto-u-heading{text-align:left}<\/style><\/div>[vc_column_text css_animation=&#8221;fadeInUp&#8221; el_class=&#8221;font-size-sm&#8221;]M\u00fc\u015fterilerimizin ihtiya\u00e7lar\u0131na y\u00f6nelik hizmetlerimizi onlar\u0131n dinamiklerine uygun olarak sunuyoruz.[\/vc_column_text][\/vc_column][\/vc_row]<\/p>\n<\/div>","protected":false},"excerpt":{"rendered":"<p>[vc_row no_padding=&#8221;yes&#8221; text_align=&#8221;justify&#8221; css=&#8221;.vc_custom_1610669233817{background-color: #f7f7f7 !important;}&#8221;][vc_column parallax=&#8221;content-moving&#8221; parallax_image=&#8221;981&#8243; parallax_speed_bg=&#8221;2&#8243; width=&#8221;1\/2&#8243; css=&#8221;.vc_custom_1610671279294{padding-top: 150px !important;padding-bottom: 150px !important;}&#8221;][\/vc_column][vc_column width=&#8221;1\/2&#8243; css=&#8221;.vc_custom_1610669201137{padding-top: 90px !important;padding-right: 10px !important;padding-bottom: 60px !important;}&#8221; el_class=&#8221;col-half-section pl-3 pr-3 pl-md-5 pr-md-0&#8243;][vc_column_text css_animation=&#8221;fadeInUp&#8221; el_class=&#8221;font-size-sm&#8221;]Hizmet almak istedi\u011finiz alanla ilgili detayl\u0131 analiz yap\u0131larak stratejik planlamalar yap\u0131yoruz.[\/vc_column_text][\/vc_column][\/vc_row][vc_row no_padding=&#8221;yes&#8221; text_align=&#8221;justify&#8221; css=&#8221;.vc_custom_1610669242521{background-color: #f7f7f7 !important;}&#8221;][vc_column parallax=&#8221;content-moving&#8221; parallax_image=&#8221;980&#8243; parallax_speed_bg=&#8221;2&#8243; width=&#8221;1\/2&#8243; css=&#8221;.vc_custom_1610671307323{padding-top: 150px !important;padding-bottom: 150px !important;}&#8221; el_class=&#8221;order-md-2&#8243;][\/vc_column][vc_column [&hellip;]<\/p>\n","protected":false},"author":1,"featured_media":0,"parent":0,"menu_order":0,"comment_status":"closed","ping_status":"closed","template":"","meta":{"_joinchat":[],"footnotes":""},"class_list":["post-960","page","type-page","status-publish","hentry"],"_links":{"self":[{"href":"https:\/\/zabata.com.tr\/tr\/wp-json\/wp\/v2\/pages\/960","targetHints":{"allow":["GET"]}}],"collection":[{"href":"https:\/\/zabata.com.tr\/tr\/wp-json\/wp\/v2\/pages"}],"about":[{"href":"https:\/\/zabata.com.tr\/tr\/wp-json\/wp\/v2\/types\/page"}],"author":[{"embeddable":true,"href":"https:\/\/zabata.com.tr\/tr\/wp-json\/wp\/v2\/users\/1"}],"replies":[{"embeddable":true,"href":"https:\/\/zabata.com.tr\/tr\/wp-json\/wp\/v2\/comments?post=960"}],"version-history":[{"count":0,"href":"https:\/\/zabata.com.tr\/tr\/wp-json\/wp\/v2\/pages\/960\/revisions"}],"wp:attachment":[{"href":"https:\/\/zabata.com.tr\/tr\/wp-json\/wp\/v2\/media?parent=960"}],"curies":[{"name":"wp","href":"https:\/\/api.w.org\/{rel}","templated":true}]}}