{"id":4881,"date":"2016-09-26T02:12:27","date_gmt":"2016-09-25T23:12:27","guid":{"rendered":"https:\/\/zabata.com.tr\/%e8%81%94%e7%b3%bb\/"},"modified":"2024-01-22T23:47:49","modified_gmt":"2024-01-22T20:47:49","slug":"%e8%81%94%e7%b3%bb","status":"publish","type":"page","link":"https:\/\/zabata.com.tr\/zh-hans\/%e8%81%94%e7%b3%bb\/","title":{"rendered":"\u8054\u7cfb"},"content":{"rendered":"<div class=\"wpb-content-wrapper\"><p>[vc_row][vc_column width=&#8221;1\/2&#8243;]\n<div class=\"wpcf7 no-js\" id=\"wpcf7-f88-o1\" lang=\"en-US\" dir=\"ltr\" data-wpcf7-id=\"88\">\n<div class=\"screen-reader-response\"><p role=\"status\" aria-live=\"polite\" aria-atomic=\"true\"><\/p> <ul><\/ul><\/div>\n<form action=\"\/zh-hans\/wp-json\/wp\/v2\/pages\/4881#wpcf7-f88-o1\" method=\"post\" class=\"wpcf7-form init\" aria-label=\"Contact form\" novalidate=\"novalidate\" data-status=\"init\">\n<fieldset class=\"hidden-fields-container\"><input type=\"hidden\" name=\"_wpcf7\" value=\"88\" \/><input type=\"hidden\" name=\"_wpcf7_version\" value=\"6.1.5\" \/><input type=\"hidden\" name=\"_wpcf7_locale\" value=\"en_US\" \/><input type=\"hidden\" name=\"_wpcf7_unit_tag\" value=\"wpcf7-f88-o1\" \/><input type=\"hidden\" name=\"_wpcf7_container_post\" value=\"0\" \/><input type=\"hidden\" name=\"_wpcf7_posted_data_hash\" value=\"\" \/>\n<\/fieldset>\n<h4 class=\"m-b-lg\">Contact Us<\/h4>\n<div class=\"row\">\n    <div class=\"col-lg-12\">\n        <div class=\"form-group\">\n            <span class=\"wpcf7-form-control-wrap\" data-name=\"your-name\"><input size=\"40\" maxlength=\"400\" class=\"wpcf7-form-control wpcf7-text wpcf7-validates-as-required form-control\" id=\"contact-name\" aria-required=\"true\" aria-invalid=\"false\" placeholder=\"Name Surname\" value=\"\" type=\"text\" name=\"your-name\" \/><\/span>\n        <\/div>\n    <\/div>\n    <div class=\"col-lg-12\">\n        <div class=\"form-group\">\n            <span class=\"wpcf7-form-control-wrap\" data-name=\"your-email\"><input size=\"40\" maxlength=\"400\" class=\"wpcf7-form-control wpcf7-email wpcf7-validates-as-required wpcf7-text wpcf7-validates-as-email form-control\" id=\"contact-email\" aria-required=\"true\" aria-invalid=\"false\" placeholder=\"E-mail Address\" value=\"\" type=\"email\" name=\"your-email\" \/><\/span>\n        <\/div>\n    <\/div>\n    <div class=\"col-lg-12\">\n        <div class=\"form-group\">\n            <span class=\"wpcf7-form-control-wrap\" data-name=\"your-subject\"><input size=\"40\" maxlength=\"400\" class=\"wpcf7-form-control wpcf7-text form-control\" id=\"contact-subject\" aria-invalid=\"false\" placeholder=\"Subject\" value=\"\" type=\"text\" name=\"your-subject\" \/><\/span>\n        <\/div>\n    <\/div>\n    <div class=\"col-lg-12\">\n        <div class=\"form-group\">\n            <span class=\"wpcf7-form-control-wrap\" data-name=\"your-message\"><textarea cols=\"40\" rows=\"5\" maxlength=\"2000\" class=\"wpcf7-form-control wpcf7-textarea wpcf7-validates-as-required form-control\" id=\"contact-message\" aria-required=\"true\" aria-invalid=\"false\" placeholder=\"Your Message\" name=\"your-message\"><\/textarea><\/span>\n        <\/div>\n    <\/div>\n    <div class=\"col-lg-12\">\n        <div class=\"form-group\">\n           <span class=\"wpcf7-form-control-wrap kc_captcha\" data-name=\"kc_captcha\"><span class=\"wpcf7-form-control wpcf7-radio\"><span class=\"captcha-image\" ><span class=\"cf7ic_instructions\">Please prove you are human by selecting the<span> house<\/span>.<\/span><label><input aria-label=\"1\" type=\"radio\" name=\"kc_captcha\" value=\"bot\" \/><svg aria-hidden=\"true\" role=\"img\" xmlns=\"http:\/\/www.w3.org\/2000\/svg\" viewBox=\"0 0 576 512\"><path fill=\"currentColor\" d=\"M415 24c-53 0-103 42-127 65-24-23-74-65-127-65C70 24 16 77 16 166c0 72 67 133 69 135l187 181c9 8 23 8 32 0l187-180c2-3 69-64 69-136 0-89-54-142-145-142z\"\/><\/svg><\/label><label><input aria-label=\"2\" type=\"radio\" name=\"kc_captcha\" value=\"kc_human\" \/><svg aria-hidden=\"true\" role=\"img\" xmlns=\"http:\/\/www.w3.org\/2000\/svg\" viewBox=\"0 0 576 512\"><path fill=\"currentColor\" d=\"M488 313v143c0 13-11 24-24 24H348c-7 0-12-5-12-12V356c0-7-5-12-12-12h-72c-7 0-12 5-12 12v112c0 7-5 12-12 12H112c-13 0-24-11-24-24V313c0-4 2-7 4-10l188-154c5-4 11-4 16 0l188 154c2 3 4 6 4 10zm84-61l-84-69V44c0-6-5-12-12-12h-56c-7 0-12 6-12 12v73l-89-74a48 48 0 00-61 0L4 252c-5 4-5 12-1 17l25 31c5 5 12 5 17 1l235-193c5-4 11-4 16 0l235 193c5 5 13 4 17-1l25-31c4-6 4-13-1-17z\"\/><\/svg><\/label><label><input aria-label=\"3\" type=\"radio\" name=\"kc_captcha\" value=\"bot\" \/><svg aria-hidden=\"true\" role=\"img\" xmlns=\"http:\/\/www.w3.org\/2000\/svg\" viewBox=\"0 0 512 512\"><path fill=\"currentColor\" d=\"M500 168h-55l-8-21a127 127 0 00-120-83H195a127 127 0 00-120 83l-8 21H12c-8 0-14 8-11 16l8 24a12 12 0 0011 8h29a64 64 0 00-33 56v48c0 16 6 31 16 42v62c0 13 11 24 24 24h48c13 0 24-11 24-24v-40h256v40c0 13 11 24 24 24h48c13 0 24-11 24-24v-62c10-11 16-26 16-42v-48c0-24-13-45-33-56h29a12 12 0 0011-8l8-24c3-8-3-16-11-16zm-365 2c9-25 33-42 60-42h122c27 0 51 17 60 42l15 38H120l15-38zM88 328a32 32 0 010-64c18 0 48 30 48 48s-30 16-48 16zm336 0c-18 0-48 2-48-16s30-48 48-48 32 14 32 32-14 32-32 32z\"\/><\/svg><\/label>\r\n    <\/span>\r\n    <span style=\"display:none\">\r\n        <input type=\"text\" name=\"kc_honeypot\">\r\n    <\/span><\/span><\/span>\n        <\/div>\n    <\/div>\n<div class=\"col-lg-12\">\n        <div class=\"form-group\">\n            <input class=\"wpcf7-form-control wpcf7-submit has-spinner btn btn-primary btn-lg\" type=\"submit\" value=\"Send\" \/>\n        <\/div>\n    <\/div>\n<\/div><div class=\"wpcf7-response-output\" aria-hidden=\"true\"><\/div>\n<\/form>\n<\/div>\n[\/vc_column][vc_column width=&#8221;1\/2&#8243;][vc_gmaps link=&#8221;#E-8_JTNDaWZyYW1lJTIwc3JjJTNEJTIyaHR0cHMlM0ElMkYlMkZ3d3cuZ29vZ2xlLmNvbSUyRm1hcHMlMkZlbWJlZCUzRnBiJTNEJTIxMW0xOCUyMTFtMTIlMjExbTMlMjExZDE1MDQuODg4MjUwNDU2MDIzNiUyMTJkMjguNjIxOTA3NTE3MjA0NDY2JTIxM2Q0MS4wMzAxNDU0MDQ0MzkzNyUyMTJtMyUyMTFmMCUyMTJmMCUyMTNmMCUyMTNtMiUyMTFpMTAyNCUyMTJpNzY4JTIxNGYxMy4xJTIxM20zJTIxMW0yJTIxMXMweDE0YjU1ZWUzY2VlMmZkOTUlMjUzQTB4N2U3NGU5NTA1NThiMjhkNSUyMTJ6dzRkaGEyMWhhMnpFc1N3Z1NHRmt4TEZ0YThPMmVTQlpiMngxSUVOa0lFNXZPakV6TENBek5EVXdNQ0JDdzd4NXc3eHJ3NmRsYTIxbFkyVXZ4TEJ6ZEdGdVluVnMlMjE1ZTAlMjEzbTIlMjExc3RyJTIxMnN0ciUyMTR2MTYxMDkxMTcyMDgzMyUyMTVtMiUyMTFzdHIlMjEyc3RyJTIyJTIwd2lkdGglM0QlMjI2MDAlMjIlMjBoZWlnaHQlM0QlMjI0NTAlMjIlMjBmcmFtZWJvcmRlciUzRCUyMjAlMjIlMjBzdHlsZSUzRCUyMmJvcmRlciUzQTAlM0IlMjIlMjBhbGxvd2Z1bGxzY3JlZW4lM0QlMjIlMjIlMjBhcmlhLWhpZGRlbiUzRCUyMmZhbHNlJTIyJTIwdGFiaW5kZXglM0QlMjIwJTIyJTNFJTNDJTJGaWZyYW1lJTNF&#8221;][\/vc_column][\/vc_row][vc_row][vc_column width=&#8221;1\/3&#8243;]<div class=\"porto-feature-box wpb_content_element  mb-0\"><div class=\"feature-box feature-box-primary feature-box-style-2\"><div class=\"feature-box-icon feature-box-icon-primary\"><i class=\"Simple-Line-Icons-screen-smartphone text-color-primary\" style=\"font-size:27px\"><\/i><\/div><div class=\"feature-box-info\">[vc_custom_heading text=&#8221;\u79fb\u52a8\u7684&#8221; font_container=&#8221;tag:h4|text_align:left&#8221; use_theme_fonts=&#8221;yes&#8221; el_class=&#8221;m-b-sm font-weight-normal&#8221;][vc_column_text el_class=&#8221;font-size-lg&#8221;]<a href=\"tel:+905400461977\">+90 540 046 19 77<\/a>[\/vc_column_text]<\/div><\/div><\/div>[\/vc_column][vc_column width=&#8221;1\/3&#8243;]<div class=\"porto-feature-box wpb_content_element  mb-0\"><div class=\"feature-box feature-box-primary feature-box-style-2\"><div class=\"feature-box-icon feature-box-icon-primary\"><i class=\"Simple-Line-Icons-phone text-color-primary\" style=\"font-size:27px\"><\/i><\/div><div class=\"feature-box-info\">[vc_custom_heading text=&#8221;\u7535\u8bdd&#8221; font_container=&#8221;tag:h4|text_align:left&#8221; use_theme_fonts=&#8221;yes&#8221; el_class=&#8221;m-b-sm font-weight-normal&#8221;][vc_column_text el_class=&#8221;font-size-lg&#8221;]<a href=\"tel:+902125322226\">+90 212 532 22 26<\/a>[\/vc_column_text]<\/div><\/div><\/div>[\/vc_column][vc_column width=&#8221;1\/3&#8243;]<div class=\"porto-feature-box wpb_content_element  mb-0\"><div class=\"feature-box feature-box-primary feature-box-style-2\"><div class=\"feature-box-icon feature-box-icon-primary\"><i class=\"Simple-Line-Icons-envelope text-color-primary\" style=\"font-size:27px\"><\/i><\/div><div class=\"feature-box-info\">[vc_custom_heading text=&#8221;\u7535\u5b50\u90ae\u4ef6&#8221; font_container=&#8221;tag:h4|font_size:20|text_align:left&#8221; use_theme_fonts=&#8221;yes&#8221; el_class=&#8221;m-b-sm font-weight-normal&#8221;][vc_column_text el_class=&#8221;font-size-lg&#8221;]<\/p>\n<p class=\"font-size-lg\"><a class=\"text-decoration-none\" href=\"mailto:info@zabata.com.tr\">info@zabata.com.tr<\/a><\/p>\n<p>[\/vc_column_text]<\/div><\/div><\/div>[\/vc_column][\/vc_row][vc_row][vc_column][vc_text_separator title=&#8221;\u571f\u8033\u5176\u529e\u4e8b\u5904&#8221;][\/vc_column][\/vc_row][vc_row][vc_column width=&#8221;1\/2&#8243;]<div class=\"porto-feature-box wpb_content_element  mb-0\"><div class=\"feature-box feature-box-primary feature-box-style-2\"><div class=\"feature-box-icon feature-box-icon-primary\"><i class=\"Simple-Line-Icons-location-pin text-color-primary\" style=\"font-size:27px\"><\/i><\/div><div class=\"feature-box-info\">[vc_custom_heading text=&#8221;\u0130stanbul&#8221; font_container=&#8221;tag:h4|text_align:left&#8221; use_theme_fonts=&#8221;yes&#8221; el_class=&#8221;m-b-sm font-weight-normal&#8221;][vc_column_text el_class=&#8221;font-size-lg&#8221;]Atat\u00fcrk Mah. Had\u0131mk\u00f6y Yolu Cad.<\/p>\n<p>No: 10-13 Kat:2<\/p>\n<p>Esenyurt, \u0130stanbul &#8211; TURKEY[\/vc_column_text]<\/div><\/div><\/div><div class=\"porto-feature-box wpb_content_element  mb-0\"><div class=\"feature-box feature-box-primary feature-box-style-2\"><div class=\"feature-box-icon feature-box-icon-primary\"><i class=\"Simple-Line-Icons-location-pin text-color-primary\" style=\"font-size:27px\"><\/i><\/div><div class=\"feature-box-info\">[vc_custom_heading text=&#8221;Ankara&#8221; font_container=&#8221;tag:h4|text_align:left&#8221; use_theme_fonts=&#8221;yes&#8221; el_class=&#8221;m-b-sm font-weight-normal&#8221;][vc_column_text el_class=&#8221;font-size-lg&#8221;]Me\u015frutiyet Caddesi<\/p>\n<p>K\u00f6k \u00c7ar\u015f\u0131s\u0131 No: 44<\/p>\n<p>K\u0131z\u0131lay, Ankara &#8211; TURKEY<\/p>\n<p>[\/vc_column_text]<\/div><\/div><\/div>[\/vc_column][vc_column width=&#8221;1\/2&#8243;]<div class=\"porto-feature-box wpb_content_element  mb-0\"><div class=\"feature-box feature-box-primary feature-box-style-2\"><div class=\"feature-box-icon feature-box-icon-primary\"><i class=\"Simple-Line-Icons-location-pin text-color-primary\" style=\"font-size:27px\"><\/i><\/div><div class=\"feature-box-info\">[vc_custom_heading text=&#8221;\u0130zmir&#8221; font_container=&#8221;tag:h4|text_align:left&#8221; use_theme_fonts=&#8221;yes&#8221; el_class=&#8221;m-b-sm font-weight-normal&#8221;][vc_column_text el_class=&#8221;font-size-lg&#8221;]Adalet Mahallesi<\/p>\n<p>Manas Bulvar\u0131 No:39<\/p>\n<p>Bayrakl\u0131-\u0130zmir\/ TURKEY[\/vc_column_text]<\/div><\/div><\/div><div class=\"porto-feature-box wpb_content_element  mb-0\"><div class=\"feature-box feature-box-primary feature-box-style-2\"><div class=\"feature-box-icon feature-box-icon-primary\"><i class=\"Simple-Line-Icons-location-pin text-color-primary\" style=\"font-size:27px\"><\/i><\/div><div class=\"feature-box-info\">[vc_custom_heading text=&#8221;Antalya&#8221; font_container=&#8221;tag:h4|text_align:left&#8221; use_theme_fonts=&#8221;yes&#8221; el_class=&#8221;m-b-sm font-weight-normal&#8221;][vc_column_text el_class=&#8221;font-size-lg&#8221;]Ha\u015fim \u0130\u015fcan Mah. Atat\u00fcrk Cd.<\/p>\n<p>1298 Atalay T\u00fcz\u00fcn Sok. No:1\/4<\/p>\n<p>Muratpa\u015fa, Antalya &#8211; TURKEY[\/vc_column_text]<\/div><\/div><\/div>[\/vc_column][\/vc_row][vc_row][vc_column][vc_text_separator title=&#8221;\u6d77\u5916\u529e\u4e8b\u5904&#8221;][\/vc_column][\/vc_row][vc_row][vc_column width=&#8221;1\/2&#8243;]<div class=\"porto-feature-box wpb_content_element  mb-0\"><div class=\"feature-box feature-box-primary feature-box-style-2\"><div class=\"feature-box-icon feature-box-icon-primary\"><i class=\"Simple-Line-Icons-location-pin text-color-primary\" style=\"font-size:27px\"><\/i><\/div><div class=\"feature-box-info\">[vc_custom_heading text=&#8221;\u5fb7\u56fd&#8221; font_container=&#8221;tag:h4|text_align:left&#8221; use_theme_fonts=&#8221;yes&#8221; el_class=&#8221;m-b-sm font-weight-normal&#8221;][vc_column_text el_class=&#8221;font-size-lg&#8221;]Weissenburgstrasse 31 45663<\/p>\n<p>Recklinghausen-Germany[\/vc_column_text]<\/div><\/div><\/div>[\/vc_column][vc_column width=&#8221;1\/2&#8243;]<div class=\"porto-feature-box wpb_content_element  mb-0\"><div class=\"feature-box feature-box-primary feature-box-style-2\"><div class=\"feature-box-icon feature-box-icon-primary\"><i class=\"Simple-Line-Icons-location-pin text-color-primary\" style=\"font-size:27px\"><\/i><\/div><div class=\"feature-box-info\">[vc_custom_heading text=&#8221;\u5965\u5730\u5229&#8221; font_container=&#8221;tag:h4|text_align:left&#8221; use_theme_fonts=&#8221;yes&#8221; el_class=&#8221;m-b-sm font-weight-normal&#8221;][vc_column_text el_class=&#8221;font-size-lg&#8221;]Ettenreichgasse 1100<br \/>\nWien-Austria[\/vc_column_text]<\/div><\/div><\/div>[\/vc_column][\/vc_row][vc_row][vc_column width=&#8221;1\/2&#8243;]<div class=\"porto-feature-box wpb_content_element  mb-0\"><div class=\"feature-box feature-box-primary feature-box-style-2\"><div class=\"feature-box-icon feature-box-icon-primary\"><i class=\"Simple-Line-Icons-location-pin text-color-primary\" style=\"font-size:27px\"><\/i><\/div><div class=\"feature-box-info\">[vc_custom_heading text=&#8221;\u4e4c\u514b\u5170&#8221; font_container=&#8221;tag:h4|text_align:left&#8221; use_theme_fonts=&#8221;yes&#8221; el_class=&#8221;m-b-sm font-weight-normal&#8221;][vc_column_text el_class=&#8221;font-size-lg&#8221;]Ulitsa Bunina 27\/2<\/p>\n<p>Odessa-Ukrainian[\/vc_column_text]<\/div><\/div><\/div>[\/vc_column][vc_column width=&#8221;1\/2&#8243;]<div class=\"porto-feature-box wpb_content_element  mb-0\"><div class=\"feature-box feature-box-primary feature-box-style-2\"><div class=\"feature-box-icon feature-box-icon-primary\"><i class=\"Simple-Line-Icons-location-pin text-color-primary\" style=\"font-size:27px\"><\/i><\/div><div class=\"feature-box-info\">[vc_custom_heading text=&#8221;\u767d\u4fc4\u7f57\u65af&#8221; font_container=&#8221;tag:h4|text_align:left&#8221; use_theme_fonts=&#8221;yes&#8221; el_class=&#8221;m-b-sm font-weight-normal&#8221;][vc_column_text el_class=&#8221;font-size-lg&#8221;]Zibitskaya St. No: 10<\/p>\n<p>Minsk-Belarus[\/vc_column_text]<\/div><\/div><\/div>[\/vc_column][\/vc_row]<\/p>\n<\/div>","protected":false},"excerpt":{"rendered":"<p>[vc_row][vc_column width=&#8221;1\/2&#8243;][\/vc_column] [&hellip;]<\/p>\n","protected":false},"author":1,"featured_media":0,"parent":0,"menu_order":0,"comment_status":"closed","ping_status":"closed","template":"","meta":{"_joinchat":[],"footnotes":""},"class_list":["post-4881","page","type-page","status-publish","hentry"],"_links":{"self":[{"href":"https:\/\/zabata.com.tr\/zh-hans\/wp-json\/wp\/v2\/pages\/4881","targetHints":{"allow":["GET"]}}],"collection":[{"href":"https:\/\/zabata.com.tr\/zh-hans\/wp-json\/wp\/v2\/pages"}],"about":[{"href":"https:\/\/zabata.com.tr\/zh-hans\/wp-json\/wp\/v2\/types\/page"}],"author":[{"embeddable":true,"href":"https:\/\/zabata.com.tr\/zh-hans\/wp-json\/wp\/v2\/users\/1"}],"replies":[{"embeddable":true,"href":"https:\/\/zabata.com.tr\/zh-hans\/wp-json\/wp\/v2\/comments?post=4881"}],"version-history":[{"count":0,"href":"https:\/\/zabata.com.tr\/zh-hans\/wp-json\/wp\/v2\/pages\/4881\/revisions"}],"wp:attachment":[{"href":"https:\/\/zabata.com.tr\/zh-hans\/wp-json\/wp\/v2\/media?parent=4881"}],"curies":[{"name":"wp","href":"https:\/\/api.w.org\/{rel}","templated":true}]}}