{"id":4963,"date":"2016-09-24T01:55:27","date_gmt":"2016-09-24T01:55:27","guid":{"rendered":"https:\/\/zabata.com.tr\/%e6%88%91%e4%bb%ac%e7%9a%84%e5%8a%9e%e5%85%ac%e5%ae%a4\/"},"modified":"2021-03-09T02:56:02","modified_gmt":"2021-03-09T02:56:02","slug":"%e6%88%91%e4%bb%ac%e7%9a%84%e5%8a%9e%e5%85%ac%e5%ae%a4","status":"publish","type":"page","link":"https:\/\/zabata.com.tr\/zh-hans\/%e6%88%91%e4%bb%ac%e7%9a%84%e5%8a%9e%e5%85%ac%e5%ae%a4\/","title":{"rendered":"\u6211\u4eec\u7684\u529e\u516c\u5ba4"},"content":{"rendered":"<div class=\"wpb-content-wrapper\"><p>[vc_row wrap_container=&#8221;yes&#8221; is_section=&#8221;yes&#8221; remove_margin_top=&#8221;yes&#8221; remove_margin_bottom=&#8221;yes&#8221; el_id=&#8221;ofislerimiz&#8221;][vc_column][vc_custom_heading text=&#8221;\u6211\u4eec\u7684\u529e\u516c\u5ba4&#8221; font_container=&#8221;tag:h2|text_align:center&#8221; use_theme_fonts=&#8221;yes&#8221; el_class=&#8221;m-b-xs m-t-md&#8221;][vc_column_text el_class=&#8221;lead&#8221; css=&#8221;.vc_custom_1614992239065{padding-top: 10px !important;padding-bottom: 10px !important;}&#8221;]<\/p>\n<p style=\"text-align: center\">\u6211\u4eec\u5728\u4f0a\u65af\u5766\u5e03\u5c14\uff0c\u5b89\u5361\u62c9\u548c\u4f0a\u5179\u5bc6\u5c14\u7684\u529e\u4e8b\u5904\u5458\u5de5\u7d27\u5bc6\u534f\u4f5c\u3002 Zabata Consulting\u5458\u5de5\u548c\u6211\u4eec\u72ec\u7279\u7684\u4f01\u4e1a\u6587\u5316\u771f\u6b63\u4f7f\u6211\u4eec\u4e0e\u5176\u4ed6\u5546\u4e1a\u54a8\u8be2\u516c\u53f8\u533a\u5206\u5f00\u3002<\/p>\n<p>[\/vc_column_text][\/vc_column][\/vc_row][vc_row][vc_column][vc_text_separator title=&#8221;\u571f\u8033\u5176\u529e\u4e8b\u5904&#8221;][vc_row_inner][vc_column_inner width=&#8221;1\/2&#8243;][vc_column_text]<\/p>\n<h2 style=\"text-align: center\"><strong>\u0130stanbul<\/strong><\/h2>\n<p>[\/vc_column_text]<div class=\"porto-image-frame  thumb-info-custom\"><div class=\"thumb-info thumb-info-hide-wrapper-bg thumb-info-no-zoom thumb-info-side-image thumb-info-no-zoom thumb-info-centered-icons thumb-info-no-borders thumb-info-box-shadow\"><span class=\"thumb-info-side-image-wrapper\"><img decoding=\"async\" alt=\"\u0130stanbul Dan\u0131\u015fmanl\u0131k Hizmetleri\" src=\"\/\/zabata.com.tr\/wp-content\/uploads\/2021\/01\/istanbul-350x175-1.jpg\" class=\"img-responsive\" width=\"350\" height=\"175\"><\/span><div class=\"thumb-info-caption\"><div class=\"thumb-info-caption-text\"><p>Atat\u00fcrk Mah. Had\u0131mk\u00f6y Yolu Cad.<\/p>\n<p>No: 10-13 Kat:2<\/p>\n<p>Esenyurt, \u0130stanbul \u2013 TURKEY<\/p>\n<\/div><\/div><\/div><\/div>[\/vc_column_inner][vc_column_inner width=&#8221;1\/2&#8243;][vc_column_text]<\/p>\n<h2 style=\"text-align: center\"><strong>Ankara<\/strong><\/h2>\n<p>[\/vc_column_text]<div class=\"porto-image-frame  thumb-info-custom\"><div class=\"thumb-info thumb-info-hide-wrapper-bg thumb-info-no-zoom thumb-info-side-image thumb-info-no-zoom thumb-info-centered-icons thumb-info-no-borders thumb-info-box-shadow\"><span class=\"thumb-info-side-image-wrapper\"><img decoding=\"async\" alt=\"Ankara Dan\u0131\u015fmanl\u0131k Hizmetleri\" src=\"\/\/zabata.com.tr\/wp-content\/uploads\/2021\/01\/ankara-350x175-1.jpg\" class=\"img-responsive\" width=\"350\" height=\"175\"><\/span><div class=\"thumb-info-caption\"><div class=\"thumb-info-caption-text\"><p>Me\u015frutiyet Caddesi<\/p>\n<p>K\u00f6k \u00c7ar\u015f\u0131s\u0131 No: 44<\/p>\n<p>K\u0131z\u0131lay, Ankara \u2013 TURKEY<\/p>\n<\/div><\/div><\/div><\/div>[\/vc_column_inner][\/vc_row_inner][vc_row_inner][vc_column_inner width=&#8221;1\/2&#8243;][vc_column_text]<\/p>\n<h2 style=\"text-align: center\"><strong>Antalya<\/strong><\/h2>\n<p>[\/vc_column_text]<div class=\"porto-image-frame  thumb-info-custom\"><div class=\"thumb-info thumb-info-hide-wrapper-bg thumb-info-no-zoom thumb-info-side-image thumb-info-no-zoom thumb-info-centered-icons thumb-info-no-borders thumb-info-box-shadow\"><span class=\"thumb-info-side-image-wrapper\"><img decoding=\"async\" alt=\"antalya\" src=\"\/\/zabata.com.tr\/wp-content\/uploads\/2021\/03\/antalya.jpg\" class=\"img-responsive\" width=\"350\" height=\"175\"><\/span><div class=\"thumb-info-caption\"><div class=\"thumb-info-caption-text\"><p>Ha\u015fim \u0130\u015fcan Mah. Atat\u00fcrk Cd.<\/p>\n<p>1298 Atalay T\u00fcz\u00fcn Sok. No:1\/4<\/p>\n<p>Muratpa\u015fa, Antalya \u2013 TURKEY<\/p>\n<\/div><\/div><\/div><\/div>[\/vc_column_inner][vc_column_inner width=&#8221;1\/2&#8243;][vc_column_text]<\/p>\n<h2 style=\"text-align: center\"><strong>\u0130zmir<\/strong><\/h2>\n<p>[\/vc_column_text]<div class=\"porto-image-frame  thumb-info-custom\"><div class=\"thumb-info thumb-info-hide-wrapper-bg thumb-info-no-zoom thumb-info-side-image thumb-info-no-zoom thumb-info-centered-icons thumb-info-no-borders thumb-info-box-shadow\"><span class=\"thumb-info-side-image-wrapper\"><img decoding=\"async\" alt=\"\u0130zmir Dan\u0131\u015fmanl\u0131k Hizmetleri\" src=\"\/\/zabata.com.tr\/wp-content\/uploads\/2021\/01\/izmir-350x175-1.jpg\" class=\"img-responsive\" width=\"350\" height=\"175\"><\/span><div class=\"thumb-info-caption\"><div class=\"thumb-info-caption-text\"><p>Adalet Mahallesi<\/p>\n<p>Manas Bulvar\u0131 No:39<\/p>\n<p>Bayrakl\u0131-\u0130zmir\/ TURKEY<\/p>\n<\/div><\/div><\/div><\/div>[\/vc_column_inner][\/vc_row_inner][\/vc_column][\/vc_row][vc_row][vc_column][vc_text_separator title=&#8221;\u6d77\u5916\u529e\u4e8b\u5904&#8221;][vc_row_inner][vc_column_inner width=&#8221;1\/2&#8243;][vc_column_text]<\/p>\n<h2 style=\"text-align: center\"><strong>\u5fb7\u56fd<\/strong><\/h2>\n<p>[\/vc_column_text]<div class=\"porto-image-frame  thumb-info-custom\"><div class=\"thumb-info thumb-info-hide-wrapper-bg thumb-info-no-zoom thumb-info-side-image thumb-info-no-zoom thumb-info-centered-icons thumb-info-no-borders thumb-info-box-shadow\"><span class=\"thumb-info-side-image-wrapper\"><img decoding=\"async\" alt=\"almanya\" src=\"\/\/zabata.com.tr\/wp-content\/uploads\/2021\/03\/almanya.jpg\" class=\"img-responsive\" width=\"350\" height=\"175\"><\/span><div class=\"thumb-info-caption\"><div class=\"thumb-info-caption-text\"><p>Weissenburgstrasse 31 45663<\/p>\n<p>Recklinghausen-Germany<\/p>\n<\/div><\/div><\/div><\/div>[\/vc_column_inner][vc_column_inner width=&#8221;1\/2&#8243;][vc_column_text]<\/p>\n<h2 style=\"text-align: center\"><strong>\u5965\u5730\u5229<\/strong><\/h2>\n<p>[\/vc_column_text]<div class=\"porto-image-frame  thumb-info-custom\"><div class=\"thumb-info thumb-info-hide-wrapper-bg thumb-info-no-zoom thumb-info-side-image thumb-info-no-zoom thumb-info-centered-icons thumb-info-no-borders thumb-info-box-shadow\"><span class=\"thumb-info-side-image-wrapper\"><img decoding=\"async\" alt=\"austria\" src=\"\/\/zabata.com.tr\/wp-content\/uploads\/2021\/03\/austria.jpg\" class=\"img-responsive\" width=\"350\" height=\"175\"><\/span><div class=\"thumb-info-caption\"><div class=\"thumb-info-caption-text\"><p>Ettenreichgasse 1100<\/p>\n<p>Wien-Austria<\/p>\n<\/div><\/div><\/div><\/div>[\/vc_column_inner][\/vc_row_inner][vc_row_inner][vc_column_inner width=&#8221;1\/2&#8243;][vc_column_text]<\/p>\n<h2 style=\"text-align: center\"><strong>\u4e4c\u514b\u5170<\/strong><\/h2>\n<p>[\/vc_column_text]<div class=\"porto-image-frame  thumb-info-custom\"><div class=\"thumb-info thumb-info-hide-wrapper-bg thumb-info-no-zoom thumb-info-side-image thumb-info-no-zoom thumb-info-centered-icons thumb-info-no-borders thumb-info-box-shadow\"><span class=\"thumb-info-side-image-wrapper\"><img decoding=\"async\" alt=\"ukraine\" src=\"\/\/zabata.com.tr\/wp-content\/uploads\/2021\/03\/ukraine.jpg\" class=\"img-responsive\" width=\"350\" height=\"175\"><\/span><div class=\"thumb-info-caption\"><div class=\"thumb-info-caption-text\"><p>Ulitsa Bunina 27\/2<\/p>\n<p>Odessa-Ukrainian<\/p>\n<\/div><\/div><\/div><\/div>[\/vc_column_inner][vc_column_inner width=&#8221;1\/2&#8243;][vc_column_text]<\/p>\n<h2 style=\"text-align: center\"><strong>\u767d\u4fc4\u7f57\u65af<\/strong><\/h2>\n<p>[\/vc_column_text]<div class=\"porto-image-frame  thumb-info-custom\"><div class=\"thumb-info thumb-info-hide-wrapper-bg thumb-info-no-zoom thumb-info-side-image thumb-info-no-zoom thumb-info-centered-icons thumb-info-no-borders thumb-info-box-shadow\"><span class=\"thumb-info-side-image-wrapper\"><img decoding=\"async\" alt=\"belarus\" src=\"\/\/zabata.com.tr\/wp-content\/uploads\/2021\/03\/belarus.jpg\" class=\"img-responsive\" width=\"350\" height=\"175\"><\/span><div class=\"thumb-info-caption\"><div class=\"thumb-info-caption-text\"><p>Zibitskaya St. No: 10<\/p>\n<p>Minsk-Belarus<\/p>\n<\/div><\/div><\/div><\/div>[\/vc_column_inner][\/vc_row_inner][\/vc_column][\/vc_row]<\/p>\n<\/div>","protected":false},"excerpt":{"rendered":"<p>[vc_row wrap_container=&#8221;yes&#8221; is_section=&#038;#8 [&hellip;]<\/p>\n","protected":false},"author":1,"featured_media":0,"parent":0,"menu_order":0,"comment_status":"closed","ping_status":"closed","template":"","meta":{"_joinchat":[],"footnotes":""},"class_list":["post-4963","page","type-page","status-publish","hentry"],"_links":{"self":[{"href":"https:\/\/zabata.com.tr\/zh-hans\/wp-json\/wp\/v2\/pages\/4963","targetHints":{"allow":["GET"]}}],"collection":[{"href":"https:\/\/zabata.com.tr\/zh-hans\/wp-json\/wp\/v2\/pages"}],"about":[{"href":"https:\/\/zabata.com.tr\/zh-hans\/wp-json\/wp\/v2\/types\/page"}],"author":[{"embeddable":true,"href":"https:\/\/zabata.com.tr\/zh-hans\/wp-json\/wp\/v2\/users\/1"}],"replies":[{"embeddable":true,"href":"https:\/\/zabata.com.tr\/zh-hans\/wp-json\/wp\/v2\/comments?post=4963"}],"version-history":[{"count":0,"href":"https:\/\/zabata.com.tr\/zh-hans\/wp-json\/wp\/v2\/pages\/4963\/revisions"}],"wp:attachment":[{"href":"https:\/\/zabata.com.tr\/zh-hans\/wp-json\/wp\/v2\/media?parent=4963"}],"curies":[{"name":"wp","href":"https:\/\/api.w.org\/{rel}","templated":true}]}}